{"id":44686,"date":"2023-12-12T10:46:06","date_gmt":"2023-12-12T09:46:06","guid":{"rendered":"https:\/\/pet-shopping.de\/shop\/produkt\/karlie-good4fun-tpr-star-frisbee\/"},"modified":"2023-12-12T10:46:06","modified_gmt":"2023-12-12T09:46:06","slug":"karlie-good4fun-tpr-star-frisbee","status":"publish","type":"product","link":"https:\/\/all-pets.de\/shop\/produkt\/karlie-good4fun-tpr-star-frisbee\/","title":{"rendered":"Karlie Good4fun TPR Star Frisbee"},"content":{"rendered":"<p>Spa\u00df und Sport f\u00fcr Mensch und Hund! Diese tolle Frisbee-Scheibe ist speziell f\u00fcr Hunde, also bissfest und besonders weich, so dass sich der Hund nicht an der Scheibe verletzen kann. Die Scheibe l\u00e4sst sich sehr weit werfen, Ihr Hund wird begeistert sein. Ideal auch f\u00fcr Welpen.<\/p>\n<p>Durchmesser: ca. 22 cm<\/p>\n<p>good4fun sind Spielzeuge aus Thermo Plastic Rubber, einem Material, das witterungsbest\u00e4ndig und extrem lange haltbar ist. Dieses weiche Material ist besonders zahnfreundlich und nat\u00fcrlich Non Toxic. Auch f\u00fcr Spiele im und am Wasser super geeignet, da die Spielzeuge schwimmf\u00e4hig sind. Geeignet f\u00fcr alle Altersgruppen, vom Puppy bis zum Senior.<\/p>\n<p>Eine Farbwahl ist leider nicht m\u00f6glich, da die Farbe je nach Lagerbestand gew\u00e4hlt wird.<\/p>\n","protected":false},"excerpt":{"rendered":"<p>Spa\u00df und Sport f\u00fcr Mensch und Hund! Diese tolle Frisbee-Scheibe ist speziell f\u00fcr Hunde, also bissfest und besonders weich, so dass sich der Hund nicht an der Scheibe verletzen kann. Die Scheibe l\u00e4sst sich sehr weit werfen, Ihr Hund wird begeistert sein. Ideal auch f\u00fcr Welpen. Durchmesser: ca. 22 cm good4fun sind Spielzeuge aus Thermo [&hellip;]<\/p>\n","protected":false},"featured_media":9234,"comment_status":"closed","ping_status":"open","template":"","meta":[],"product_cat":[13680],"product_tag":[],"class_list":{"0":"post-44686","1":"product","2":"type-product","3":"status-publish","4":"has-post-thumbnail","6":"product_cat-hundewurfspielzeug","8":"first","9":"instock","10":"taxable","11":"shipping-taxable","12":"purchasable","13":"product-type-simple"},"_links":{"self":[{"href":"https:\/\/all-pets.de\/shop\/wp-json\/wp\/v2\/product\/44686","targetHints":{"allow":["GET"]}}],"collection":[{"href":"https:\/\/all-pets.de\/shop\/wp-json\/wp\/v2\/product"}],"about":[{"href":"https:\/\/all-pets.de\/shop\/wp-json\/wp\/v2\/types\/product"}],"replies":[{"embeddable":true,"href":"https:\/\/all-pets.de\/shop\/wp-json\/wp\/v2\/comments?post=44686"}],"wp:featuredmedia":[{"embeddable":true,"href":"https:\/\/all-pets.de\/shop\/wp-json\/wp\/v2\/media\/9234"}],"wp:attachment":[{"href":"https:\/\/all-pets.de\/shop\/wp-json\/wp\/v2\/media?parent=44686"}],"wp:term":[{"taxonomy":"product_cat","embeddable":true,"href":"https:\/\/all-pets.de\/shop\/wp-json\/wp\/v2\/product_cat?post=44686"},{"taxonomy":"product_tag","embeddable":true,"href":"https:\/\/all-pets.de\/shop\/wp-json\/wp\/v2\/product_tag?post=44686"}],"curies":[{"name":"wp","href":"https:\/\/api.w.org\/{rel}","templated":true}]}}