{"id":44687,"date":"2023-12-12T10:46:06","date_gmt":"2023-12-12T09:46:06","guid":{"rendered":"https:\/\/pet-shopping.de\/shop\/produkt\/karlie-brutnest-aus-weide\/"},"modified":"2023-12-12T10:46:07","modified_gmt":"2023-12-12T09:46:07","slug":"karlie-brutnest-aus-weide","status":"publish","type":"product","link":"https:\/\/all-pets.de\/shop\/produkt\/karlie-brutnest-aus-weide\/","title":{"rendered":"Karlie Brutnest aus Weide"},"content":{"rendered":"<p>Brutnest aus Weide f\u00fcr kleine Vogelarten, wie Kanarienv\u00f6gel. Zum Einh\u00e4ngen ins K\u00e4figgitter.<\/p>\n<p>Ma\u00dfe: ca. 110 x 50 mm (Durchmesser x H\u00f6he)<\/p>\n","protected":false},"excerpt":{"rendered":"<p>Brutnest aus Weide f\u00fcr kleine Vogelarten, wie Kanarienv\u00f6gel. Zum Einh\u00e4ngen ins K\u00e4figgitter. Ma\u00dfe: ca. 110 x 50 mm (Durchmesser x H\u00f6he)<\/p>\n","protected":false},"featured_media":23319,"comment_status":"closed","ping_status":"open","template":"","meta":[],"product_cat":[13681],"product_tag":[],"class_list":{"0":"post-44687","1":"product","2":"type-product","3":"status-publish","4":"has-post-thumbnail","6":"product_cat-nester-nistmaterial","8":"first","9":"instock","10":"taxable","11":"shipping-taxable","12":"purchasable","13":"product-type-simple"},"_links":{"self":[{"href":"https:\/\/all-pets.de\/shop\/wp-json\/wp\/v2\/product\/44687","targetHints":{"allow":["GET"]}}],"collection":[{"href":"https:\/\/all-pets.de\/shop\/wp-json\/wp\/v2\/product"}],"about":[{"href":"https:\/\/all-pets.de\/shop\/wp-json\/wp\/v2\/types\/product"}],"replies":[{"embeddable":true,"href":"https:\/\/all-pets.de\/shop\/wp-json\/wp\/v2\/comments?post=44687"}],"wp:featuredmedia":[{"embeddable":true,"href":"https:\/\/all-pets.de\/shop\/wp-json\/wp\/v2\/media\/23319"}],"wp:attachment":[{"href":"https:\/\/all-pets.de\/shop\/wp-json\/wp\/v2\/media?parent=44687"}],"wp:term":[{"taxonomy":"product_cat","embeddable":true,"href":"https:\/\/all-pets.de\/shop\/wp-json\/wp\/v2\/product_cat?post=44687"},{"taxonomy":"product_tag","embeddable":true,"href":"https:\/\/all-pets.de\/shop\/wp-json\/wp\/v2\/product_tag?post=44687"}],"curies":[{"name":"wp","href":"https:\/\/api.w.org\/{rel}","templated":true}]}}