{"id":44691,"date":"2023-12-12T10:46:06","date_gmt":"2023-12-12T09:46:06","guid":{"rendered":"https:\/\/pet-shopping.de\/shop\/produkt\/karlie-adresstube-silberfarben-klein\/"},"modified":"2023-12-12T10:46:07","modified_gmt":"2023-12-12T09:46:07","slug":"karlie-adresstube-silberfarben-klein","status":"publish","type":"product","link":"https:\/\/all-pets.de\/shop\/produkt\/karlie-adresstube-silberfarben-klein\/","title":{"rendered":"Karlie Adresstube &#8211; Silberfarben, Klein"},"content":{"rendered":"<p>\u00a0Mit der silberfarbenen Adresstube f\u00fcr Katzen und Hunde wei\u00df jeder zu wem Ihr Tier geh\u00f6rt. <\/p>\n<p>Gr\u00f6\u00dfe: ca. 22 mm<\/p>\n","protected":false},"excerpt":{"rendered":"<p>\u00a0Mit der silberfarbenen Adresstube f\u00fcr Katzen und Hunde wei\u00df jeder zu wem Ihr Tier geh\u00f6rt. Gr\u00f6\u00dfe: ca. 22 mm<\/p>\n","protected":false},"featured_media":14217,"comment_status":"closed","ping_status":"open","template":"","meta":[],"product_cat":[13684],"product_tag":[],"class_list":{"0":"post-44691","1":"product","2":"type-product","3":"status-publish","4":"has-post-thumbnail","6":"product_cat-katzenadressanhaenger-blinker","8":"first","9":"instock","10":"taxable","11":"shipping-taxable","12":"purchasable","13":"product-type-simple"},"_links":{"self":[{"href":"https:\/\/all-pets.de\/shop\/wp-json\/wp\/v2\/product\/44691","targetHints":{"allow":["GET"]}}],"collection":[{"href":"https:\/\/all-pets.de\/shop\/wp-json\/wp\/v2\/product"}],"about":[{"href":"https:\/\/all-pets.de\/shop\/wp-json\/wp\/v2\/types\/product"}],"replies":[{"embeddable":true,"href":"https:\/\/all-pets.de\/shop\/wp-json\/wp\/v2\/comments?post=44691"}],"wp:featuredmedia":[{"embeddable":true,"href":"https:\/\/all-pets.de\/shop\/wp-json\/wp\/v2\/media\/14217"}],"wp:attachment":[{"href":"https:\/\/all-pets.de\/shop\/wp-json\/wp\/v2\/media?parent=44691"}],"wp:term":[{"taxonomy":"product_cat","embeddable":true,"href":"https:\/\/all-pets.de\/shop\/wp-json\/wp\/v2\/product_cat?post=44691"},{"taxonomy":"product_tag","embeddable":true,"href":"https:\/\/all-pets.de\/shop\/wp-json\/wp\/v2\/product_tag?post=44691"}],"curies":[{"name":"wp","href":"https:\/\/api.w.org\/{rel}","templated":true}]}}