{"id":44695,"date":"2023-12-12T10:46:06","date_gmt":"2023-12-12T09:46:06","guid":{"rendered":"https:\/\/pet-shopping.de\/shop\/produkt\/karlie-autoschondecke-car-star\/"},"modified":"2023-12-12T10:46:08","modified_gmt":"2023-12-12T09:46:08","slug":"karlie-autoschondecke-car-star","status":"publish","type":"product","link":"https:\/\/all-pets.de\/shop\/produkt\/karlie-autoschondecke-car-star\/","title":{"rendered":"Karlie Autoschondecke CAR STAR"},"content":{"rendered":"<p>Mit integrierter Utensilien-Tasche, Wasserflasche und Reisenapf. Teilbar durch Rei\u00dfverschluss. Gr\u00f6\u00dfe: 145 x 150 cm.<\/p>\n","protected":false},"excerpt":{"rendered":"<p>Mit integrierter Utensilien-Tasche, Wasserflasche und Reisenapf. Teilbar durch Rei\u00dfverschluss. Gr\u00f6\u00dfe: 145 x 150 cm.<\/p>\n","protected":false},"featured_media":14272,"comment_status":"closed","ping_status":"open","template":"","meta":[],"product_cat":[13691],"product_tag":[],"class_list":{"0":"post-44695","1":"product","2":"type-product","3":"status-publish","4":"has-post-thumbnail","6":"product_cat-autozubehoer","8":"first","9":"instock","10":"taxable","11":"shipping-taxable","12":"purchasable","13":"product-type-simple"},"_links":{"self":[{"href":"https:\/\/all-pets.de\/shop\/wp-json\/wp\/v2\/product\/44695","targetHints":{"allow":["GET"]}}],"collection":[{"href":"https:\/\/all-pets.de\/shop\/wp-json\/wp\/v2\/product"}],"about":[{"href":"https:\/\/all-pets.de\/shop\/wp-json\/wp\/v2\/types\/product"}],"replies":[{"embeddable":true,"href":"https:\/\/all-pets.de\/shop\/wp-json\/wp\/v2\/comments?post=44695"}],"wp:featuredmedia":[{"embeddable":true,"href":"https:\/\/all-pets.de\/shop\/wp-json\/wp\/v2\/media\/14272"}],"wp:attachment":[{"href":"https:\/\/all-pets.de\/shop\/wp-json\/wp\/v2\/media?parent=44695"}],"wp:term":[{"taxonomy":"product_cat","embeddable":true,"href":"https:\/\/all-pets.de\/shop\/wp-json\/wp\/v2\/product_cat?post=44695"},{"taxonomy":"product_tag","embeddable":true,"href":"https:\/\/all-pets.de\/shop\/wp-json\/wp\/v2\/product_tag?post=44695"}],"curies":[{"name":"wp","href":"https:\/\/api.w.org\/{rel}","templated":true}]}}