{"id":44699,"date":"2023-12-12T10:46:06","date_gmt":"2023-12-12T09:46:06","guid":{"rendered":"https:\/\/pet-shopping.de\/shop\/produkt\/karlie-big-mouse-katzenspass-40-cm\/"},"modified":"2023-12-12T10:46:08","modified_gmt":"2023-12-12T09:46:08","slug":"karlie-big-mouse-katzenspass-40-cm","status":"publish","type":"product","link":"https:\/\/all-pets.de\/shop\/produkt\/karlie-big-mouse-katzenspass-40-cm\/","title":{"rendered":"Karlie BIG MOUSE Katzenspa\u00df &#8211; 40 cm"},"content":{"rendered":"<p>Extra schwere Maus zum Aufh\u00e4ngen an T\u00fcr oder Wand. Auch ideal als Kratzspielzeug f\u00fcr Teppichboden u.s.w. Gro\u00dfe Sisal-Kratzfl\u00e4che. Mit Catnip.<\/p>\n","protected":false},"excerpt":{"rendered":"<p>Extra schwere Maus zum Aufh\u00e4ngen an T\u00fcr oder Wand. Auch ideal als Kratzspielzeug f\u00fcr Teppichboden u.s.w. Gro\u00dfe Sisal-Kratzfl\u00e4che. Mit Catnip.<\/p>\n","protected":false},"featured_media":14291,"comment_status":"closed","ping_status":"open","template":"","meta":[],"product_cat":[13695],"product_tag":[],"class_list":{"0":"post-44699","1":"product","2":"type-product","3":"status-publish","4":"has-post-thumbnail","6":"product_cat-kratzbaeume-moebel-kratzbretter-artikelkatzenwelt-kratzbaeume-moebel","8":"first","9":"instock","10":"taxable","11":"shipping-taxable","12":"purchasable","13":"product-type-simple"},"_links":{"self":[{"href":"https:\/\/all-pets.de\/shop\/wp-json\/wp\/v2\/product\/44699","targetHints":{"allow":["GET"]}}],"collection":[{"href":"https:\/\/all-pets.de\/shop\/wp-json\/wp\/v2\/product"}],"about":[{"href":"https:\/\/all-pets.de\/shop\/wp-json\/wp\/v2\/types\/product"}],"replies":[{"embeddable":true,"href":"https:\/\/all-pets.de\/shop\/wp-json\/wp\/v2\/comments?post=44699"}],"wp:featuredmedia":[{"embeddable":true,"href":"https:\/\/all-pets.de\/shop\/wp-json\/wp\/v2\/media\/14291"}],"wp:attachment":[{"href":"https:\/\/all-pets.de\/shop\/wp-json\/wp\/v2\/media?parent=44699"}],"wp:term":[{"taxonomy":"product_cat","embeddable":true,"href":"https:\/\/all-pets.de\/shop\/wp-json\/wp\/v2\/product_cat?post=44699"},{"taxonomy":"product_tag","embeddable":true,"href":"https:\/\/all-pets.de\/shop\/wp-json\/wp\/v2\/product_tag?post=44699"}],"curies":[{"name":"wp","href":"https:\/\/api.w.org\/{rel}","templated":true}]}}