{"id":44706,"date":"2023-12-12T10:46:06","date_gmt":"2023-12-12T09:46:06","guid":{"rendered":"https:\/\/pet-shopping.de\/shop\/produkt\/karlie-catnip-spray-250-ml\/"},"modified":"2023-12-12T10:46:09","modified_gmt":"2023-12-12T09:46:09","slug":"karlie-catnip-spray-250-ml","status":"publish","type":"product","link":"https:\/\/all-pets.de\/shop\/produkt\/karlie-catnip-spray-250-ml\/","title":{"rendered":"Karlie CATNIP-Spray &#8211; 250 ml"},"content":{"rendered":"<p>&#8211; Fl\u00fcssiges CATNIP<br \/> &#8211; Geeignet f\u00fcr Kratzm\u00f6bel, Katzenspielzeug oder als Erziehungshilfe<br \/> &#8211; 250 ml<\/p>\n","protected":false},"excerpt":{"rendered":"<p>&#8211; Fl\u00fcssiges CATNIP &#8211; Geeignet f\u00fcr Kratzm\u00f6bel, Katzenspielzeug oder als Erziehungshilfe &#8211; 250 ml<\/p>\n","protected":false},"featured_media":14356,"comment_status":"closed","ping_status":"open","template":"","meta":[],"product_cat":[13702],"product_tag":[],"class_list":{"0":"post-44706","1":"product","2":"type-product","3":"status-publish","4":"has-post-thumbnail","6":"product_cat-catnip-baldrian-spielzeug-katzenspielzeug","8":"first","9":"instock","10":"taxable","11":"shipping-taxable","12":"purchasable","13":"product-type-simple"},"_links":{"self":[{"href":"https:\/\/all-pets.de\/shop\/wp-json\/wp\/v2\/product\/44706","targetHints":{"allow":["GET"]}}],"collection":[{"href":"https:\/\/all-pets.de\/shop\/wp-json\/wp\/v2\/product"}],"about":[{"href":"https:\/\/all-pets.de\/shop\/wp-json\/wp\/v2\/types\/product"}],"replies":[{"embeddable":true,"href":"https:\/\/all-pets.de\/shop\/wp-json\/wp\/v2\/comments?post=44706"}],"wp:featuredmedia":[{"embeddable":true,"href":"https:\/\/all-pets.de\/shop\/wp-json\/wp\/v2\/media\/14356"}],"wp:attachment":[{"href":"https:\/\/all-pets.de\/shop\/wp-json\/wp\/v2\/media?parent=44706"}],"wp:term":[{"taxonomy":"product_cat","embeddable":true,"href":"https:\/\/all-pets.de\/shop\/wp-json\/wp\/v2\/product_cat?post=44706"},{"taxonomy":"product_tag","embeddable":true,"href":"https:\/\/all-pets.de\/shop\/wp-json\/wp\/v2\/product_tag?post=44706"}],"curies":[{"name":"wp","href":"https:\/\/api.w.org\/{rel}","templated":true}]}}