{"id":44707,"date":"2023-12-12T10:46:12","date_gmt":"2023-12-12T09:46:12","guid":{"rendered":"https:\/\/pet-shopping.de\/shop\/produkt\/karlie-clicker-fuer-hundetraining\/"},"modified":"2023-12-12T10:46:12","modified_gmt":"2023-12-12T09:46:12","slug":"karlie-clicker-fuer-hundetraining","status":"publish","type":"product","link":"https:\/\/all-pets.de\/shop\/produkt\/karlie-clicker-fuer-hundetraining\/","title":{"rendered":"Karlie CLICKER f\u00fcr Hundetraining"},"content":{"rendered":"<p>Der Clicker ist ein Hilfsmittel f\u00fcr die moderne Hundeerziehung und das Training mit dem Hund. Als Akustik-Trainer erm\u00f6glicht der Clicker, den Hund sekundengenau f\u00fcr sein Verhalten zu belohnen. Der Clicker wird zum Signal f\u00fcr das zuvor antrainierte positive Verhalten. Die Ausbildung kann so wesentlich einfacher gestaltet werden.<\/p>\n<p>Farbe: Blau<br \/>Ma\u00dfe: ca. 5 x 3 x 1,5 cm<\/p>\n","protected":false},"excerpt":{"rendered":"<p>Der Clicker ist ein Hilfsmittel f\u00fcr die moderne Hundeerziehung und das Training mit dem Hund. Als Akustik-Trainer erm\u00f6glicht der Clicker, den Hund sekundengenau f\u00fcr sein Verhalten zu belohnen. Der Clicker wird zum Signal f\u00fcr das zuvor antrainierte positive Verhalten. Die Ausbildung kann so wesentlich einfacher gestaltet werden. Farbe: BlauMa\u00dfe: ca. 5 x 3 x 1,5 [&hellip;]<\/p>\n","protected":false},"featured_media":44708,"comment_status":"closed","ping_status":"open","template":"","meta":[],"product_cat":[13703],"product_tag":[],"class_list":{"0":"post-44707","1":"product","2":"type-product","3":"status-publish","4":"has-post-thumbnail","6":"product_cat-agility-training","8":"first","9":"instock","10":"taxable","11":"shipping-taxable","12":"purchasable","13":"product-type-simple"},"_links":{"self":[{"href":"https:\/\/all-pets.de\/shop\/wp-json\/wp\/v2\/product\/44707","targetHints":{"allow":["GET"]}}],"collection":[{"href":"https:\/\/all-pets.de\/shop\/wp-json\/wp\/v2\/product"}],"about":[{"href":"https:\/\/all-pets.de\/shop\/wp-json\/wp\/v2\/types\/product"}],"replies":[{"embeddable":true,"href":"https:\/\/all-pets.de\/shop\/wp-json\/wp\/v2\/comments?post=44707"}],"wp:featuredmedia":[{"embeddable":true,"href":"https:\/\/all-pets.de\/shop\/wp-json\/wp\/v2\/media\/44708"}],"wp:attachment":[{"href":"https:\/\/all-pets.de\/shop\/wp-json\/wp\/v2\/media?parent=44707"}],"wp:term":[{"taxonomy":"product_cat","embeddable":true,"href":"https:\/\/all-pets.de\/shop\/wp-json\/wp\/v2\/product_cat?post=44707"},{"taxonomy":"product_tag","embeddable":true,"href":"https:\/\/all-pets.de\/shop\/wp-json\/wp\/v2\/product_tag?post=44707"}],"curies":[{"name":"wp","href":"https:\/\/api.w.org\/{rel}","templated":true}]}}