{"id":44713,"date":"2023-12-12T10:46:12","date_gmt":"2023-12-12T09:46:12","guid":{"rendered":"https:\/\/pet-shopping.de\/shop\/produkt\/karlie-deluxe-schlafhoehle-banana-leaf\/"},"modified":"2023-12-12T10:46:13","modified_gmt":"2023-12-12T09:46:13","slug":"karlie-deluxe-schlafhoehle-banana-leaf","status":"publish","type":"product","link":"https:\/\/all-pets.de\/shop\/produkt\/karlie-deluxe-schlafhoehle-banana-leaf\/","title":{"rendered":"Karlie Deluxe Schlafh\u00f6hle BANANA LEAF"},"content":{"rendered":"<p>Banana-Leaf &#8211; ein wiederentdeckter Naturwerkstoff. In vielen Kulturen ist dieses Material ein fester Bestandteil des t\u00e4glichen Lebens. Banana-Leaf (Bl\u00e4tter) verk\u00f6rpern die Natur in einer einzigartigen Weise. <\/p>\n<p> Von der Natur gepr\u00e4gt werden die Bl\u00e4tter zu massiven Kratzm\u00f6beln, in kunstvoller Handarbeit geflochten. Der nat\u00fcrliche Charakter dieser Naturmaterialien verleiht den Banana-Leaf M\u00f6beln eine ganz besondere Ausstrahlung, der sich weder Mensch noch Tier entziehen k\u00f6nnen. Die Tiere f\u00fchlen sich geborgen und entspannt. Die runden, eleganten Formen vollenden ein Gesamtbild, das jeden Raum bereichert.\u00a0 <\/p>\n<p> Gr\u00f6\u00dfe: 47,5 x 47,5 x 61,3 cm (BxTxH)<\/p>\n","protected":false},"excerpt":{"rendered":"<p>Banana-Leaf &#8211; ein wiederentdeckter Naturwerkstoff. In vielen Kulturen ist dieses Material ein fester Bestandteil des t\u00e4glichen Lebens. Banana-Leaf (Bl\u00e4tter) verk\u00f6rpern die Natur in einer einzigartigen Weise. Von der Natur gepr\u00e4gt werden die Bl\u00e4tter zu massiven Kratzm\u00f6beln, in kunstvoller Handarbeit geflochten. Der nat\u00fcrliche Charakter dieser Naturmaterialien verleiht den Banana-Leaf M\u00f6beln eine ganz besondere Ausstrahlung, der sich [&hellip;]<\/p>\n","protected":false},"featured_media":14386,"comment_status":"closed","ping_status":"open","template":"","meta":[],"product_cat":[13705],"product_tag":[],"class_list":{"0":"post-44713","1":"product","2":"type-product","3":"status-publish","4":"has-post-thumbnail","6":"product_cat-haeuser-hoehlen","8":"first","9":"instock","10":"taxable","11":"shipping-taxable","12":"purchasable","13":"product-type-simple"},"_links":{"self":[{"href":"https:\/\/all-pets.de\/shop\/wp-json\/wp\/v2\/product\/44713","targetHints":{"allow":["GET"]}}],"collection":[{"href":"https:\/\/all-pets.de\/shop\/wp-json\/wp\/v2\/product"}],"about":[{"href":"https:\/\/all-pets.de\/shop\/wp-json\/wp\/v2\/types\/product"}],"replies":[{"embeddable":true,"href":"https:\/\/all-pets.de\/shop\/wp-json\/wp\/v2\/comments?post=44713"}],"wp:featuredmedia":[{"embeddable":true,"href":"https:\/\/all-pets.de\/shop\/wp-json\/wp\/v2\/media\/14386"}],"wp:attachment":[{"href":"https:\/\/all-pets.de\/shop\/wp-json\/wp\/v2\/media?parent=44713"}],"wp:term":[{"taxonomy":"product_cat","embeddable":true,"href":"https:\/\/all-pets.de\/shop\/wp-json\/wp\/v2\/product_cat?post=44713"},{"taxonomy":"product_tag","embeddable":true,"href":"https:\/\/all-pets.de\/shop\/wp-json\/wp\/v2\/product_tag?post=44713"}],"curies":[{"name":"wp","href":"https:\/\/api.w.org\/{rel}","templated":true}]}}