{"id":44719,"date":"2023-12-12T10:46:12","date_gmt":"2023-12-12T09:46:12","guid":{"rendered":"https:\/\/pet-shopping.de\/shop\/produkt\/karlie-finger-zahnbuerstenset-fuer-hunde\/"},"modified":"2023-12-12T10:46:14","modified_gmt":"2023-12-12T09:46:14","slug":"karlie-finger-zahnbuerstenset-fuer-hunde","status":"publish","type":"product","link":"https:\/\/all-pets.de\/shop\/produkt\/karlie-finger-zahnbuerstenset-fuer-hunde\/","title":{"rendered":"Karlie Finger-Zahnb\u00fcrstenset f\u00fcr Hunde"},"content":{"rendered":"<div>Finger-Zahnb\u00fcrstenset f\u00fcr Z\u00e4hne und Zahnfleisch aus der Karlie Perfect Care Pflegeserie.<\/div>\n<div>Besteht aus einer Zahn- und einer Massageb\u00fcrste f\u00fcr das Zahnfleisch.\u00a0<\/div>\n","protected":false},"excerpt":{"rendered":"<p>Finger-Zahnb\u00fcrstenset f\u00fcr Z\u00e4hne und Zahnfleisch aus der Karlie Perfect Care Pflegeserie. Besteht aus einer Zahn- und einer Massageb\u00fcrste f\u00fcr das Zahnfleisch.\u00a0<\/p>\n","protected":false},"featured_media":14508,"comment_status":"closed","ping_status":"open","template":"","meta":[],"product_cat":[13710],"product_tag":[],"class_list":{"0":"post-44719","1":"product","2":"type-product","3":"status-publish","4":"has-post-thumbnail","6":"product_cat-zahnpflege","8":"first","9":"instock","10":"taxable","11":"shipping-taxable","12":"purchasable","13":"product-type-simple"},"_links":{"self":[{"href":"https:\/\/all-pets.de\/shop\/wp-json\/wp\/v2\/product\/44719","targetHints":{"allow":["GET"]}}],"collection":[{"href":"https:\/\/all-pets.de\/shop\/wp-json\/wp\/v2\/product"}],"about":[{"href":"https:\/\/all-pets.de\/shop\/wp-json\/wp\/v2\/types\/product"}],"replies":[{"embeddable":true,"href":"https:\/\/all-pets.de\/shop\/wp-json\/wp\/v2\/comments?post=44719"}],"wp:featuredmedia":[{"embeddable":true,"href":"https:\/\/all-pets.de\/shop\/wp-json\/wp\/v2\/media\/14508"}],"wp:attachment":[{"href":"https:\/\/all-pets.de\/shop\/wp-json\/wp\/v2\/media?parent=44719"}],"wp:term":[{"taxonomy":"product_cat","embeddable":true,"href":"https:\/\/all-pets.de\/shop\/wp-json\/wp\/v2\/product_cat?post=44719"},{"taxonomy":"product_tag","embeddable":true,"href":"https:\/\/all-pets.de\/shop\/wp-json\/wp\/v2\/product_tag?post=44719"}],"curies":[{"name":"wp","href":"https:\/\/api.w.org\/{rel}","templated":true}]}}