{"id":44722,"date":"2023-12-12T10:46:12","date_gmt":"2023-12-12T09:46:12","guid":{"rendered":"https:\/\/pet-shopping.de\/shop\/produkt\/karlie-pflegeschere-fuer-nager\/"},"modified":"2023-12-12T10:46:14","modified_gmt":"2023-12-12T09:46:14","slug":"karlie-pflegeschere-fuer-nager","status":"publish","type":"product","link":"https:\/\/all-pets.de\/shop\/produkt\/karlie-pflegeschere-fuer-nager\/","title":{"rendered":"Karlie Pflegeschere f\u00fcr Nager"},"content":{"rendered":"<p>Diese Pflegeschere mit Edelstahl eignet sich ideal zum Ausd\u00fcnnen und Stylen der Haare an Ohren, Nase und Pfoten. Die abgerundeten Spitzen sch\u00fctzen dabei vor Verletzungen.<\/p>\n<p>Ma\u00dfe: ca. 9 x 5,5 cm (LxB)<br \/> Farbe: Schwarz<\/p>\n","protected":false},"excerpt":{"rendered":"<p>Diese Pflegeschere mit Edelstahl eignet sich ideal zum Ausd\u00fcnnen und Stylen der Haare an Ohren, Nase und Pfoten. Die abgerundeten Spitzen sch\u00fctzen dabei vor Verletzungen. Ma\u00dfe: ca. 9 x 5,5 cm (LxB) Farbe: Schwarz<\/p>\n","protected":false},"featured_media":783,"comment_status":"closed","ping_status":"open","template":"","meta":[],"product_cat":[13706],"product_tag":[],"class_list":{"0":"post-44722","1":"product","2":"type-product","3":"status-publish","4":"has-post-thumbnail","6":"product_cat-fellpflege","8":"first","9":"instock","10":"taxable","11":"shipping-taxable","12":"purchasable","13":"product-type-simple"},"_links":{"self":[{"href":"https:\/\/all-pets.de\/shop\/wp-json\/wp\/v2\/product\/44722","targetHints":{"allow":["GET"]}}],"collection":[{"href":"https:\/\/all-pets.de\/shop\/wp-json\/wp\/v2\/product"}],"about":[{"href":"https:\/\/all-pets.de\/shop\/wp-json\/wp\/v2\/types\/product"}],"replies":[{"embeddable":true,"href":"https:\/\/all-pets.de\/shop\/wp-json\/wp\/v2\/comments?post=44722"}],"wp:featuredmedia":[{"embeddable":true,"href":"https:\/\/all-pets.de\/shop\/wp-json\/wp\/v2\/media\/783"}],"wp:attachment":[{"href":"https:\/\/all-pets.de\/shop\/wp-json\/wp\/v2\/media?parent=44722"}],"wp:term":[{"taxonomy":"product_cat","embeddable":true,"href":"https:\/\/all-pets.de\/shop\/wp-json\/wp\/v2\/product_cat?post=44722"},{"taxonomy":"product_tag","embeddable":true,"href":"https:\/\/all-pets.de\/shop\/wp-json\/wp\/v2\/product_tag?post=44722"}],"curies":[{"name":"wp","href":"https:\/\/api.w.org\/{rel}","templated":true}]}}