{"id":44723,"date":"2023-12-12T10:46:12","date_gmt":"2023-12-12T09:46:12","guid":{"rendered":"https:\/\/pet-shopping.de\/shop\/produkt\/trixie-katzenhaus-cats-home-mit-balkon\/"},"modified":"2023-12-12T10:46:14","modified_gmt":"2023-12-12T09:46:14","slug":"trixie-katzenhaus-cats-home-mit-balkon","status":"publish","type":"product","link":"https:\/\/all-pets.de\/shop\/produkt\/trixie-katzenhaus-cats-home-mit-balkon\/","title":{"rendered":"Trixie Katzenhaus Cat&#8217;s Home mit Balkon"},"content":{"rendered":"<div class=\"itemDescriptions\">\n<ul>\n<li>f\u00fcr drinnen und drau\u00dfen<\/li>\n<li>aus lasiertem Kiefernholz <\/li>\n<li>R\u00fcckzugsm\u00f6glichkeit mit Balkon<\/li>\n<li>mit Stufen zum Erklimmen der oberen Ebene <\/li>\n<li>F\u00fc\u00dfe sch\u00fctzen vor Bodenfeuchte sowie -k\u00e4lte und sorgen f\u00fcr eine gute Luftzirkulation unterhalb des Hauses<\/li>\n<\/ul>\n<p>Farbe: grau\/weiss<br \/> Gr\u00f6\u00dfe: 45 \u00d7 65 \u00d7 45 cm<\/p>\n<\/div>\n","protected":false},"excerpt":{"rendered":"<p>f\u00fcr drinnen und drau\u00dfen aus lasiertem Kiefernholz R\u00fcckzugsm\u00f6glichkeit mit Balkon mit Stufen zum Erklimmen der oberen Ebene F\u00fc\u00dfe sch\u00fctzen vor Bodenfeuchte sowie -k\u00e4lte und sorgen f\u00fcr eine gute Luftzirkulation unterhalb des Hauses Farbe: grau\/weiss Gr\u00f6\u00dfe: 45 \u00d7 65 \u00d7 45 cm<\/p>\n","protected":false},"featured_media":32083,"comment_status":"closed","ping_status":"open","template":"","meta":[],"product_cat":[13713],"product_tag":[],"class_list":{"0":"post-44723","1":"product","2":"type-product","3":"status-publish","4":"has-post-thumbnail","6":"product_cat-haeuser-hoehlen-katzenbetten-katzenkoerbe-spielzeug-ruheplaetzekatzenwelt","8":"first","9":"instock","10":"taxable","11":"shipping-taxable","12":"purchasable","13":"product-type-simple"},"_links":{"self":[{"href":"https:\/\/all-pets.de\/shop\/wp-json\/wp\/v2\/product\/44723","targetHints":{"allow":["GET"]}}],"collection":[{"href":"https:\/\/all-pets.de\/shop\/wp-json\/wp\/v2\/product"}],"about":[{"href":"https:\/\/all-pets.de\/shop\/wp-json\/wp\/v2\/types\/product"}],"replies":[{"embeddable":true,"href":"https:\/\/all-pets.de\/shop\/wp-json\/wp\/v2\/comments?post=44723"}],"wp:featuredmedia":[{"embeddable":true,"href":"https:\/\/all-pets.de\/shop\/wp-json\/wp\/v2\/media\/32083"}],"wp:attachment":[{"href":"https:\/\/all-pets.de\/shop\/wp-json\/wp\/v2\/media?parent=44723"}],"wp:term":[{"taxonomy":"product_cat","embeddable":true,"href":"https:\/\/all-pets.de\/shop\/wp-json\/wp\/v2\/product_cat?post=44723"},{"taxonomy":"product_tag","embeddable":true,"href":"https:\/\/all-pets.de\/shop\/wp-json\/wp\/v2\/product_tag?post=44723"}],"curies":[{"name":"wp","href":"https:\/\/api.w.org\/{rel}","templated":true}]}}