{"id":44729,"date":"2023-12-12T10:46:12","date_gmt":"2023-12-12T09:46:12","guid":{"rendered":"https:\/\/pet-shopping.de\/shop\/produkt\/karlie-hunderampe-car-gangway\/"},"modified":"2023-12-12T10:46:15","modified_gmt":"2023-12-12T09:46:15","slug":"karlie-hunderampe-car-gangway","status":"publish","type":"product","link":"https:\/\/all-pets.de\/shop\/produkt\/karlie-hunderampe-car-gangway\/","title":{"rendered":"Karlie Hunderampe CAR GANGWAY"},"content":{"rendered":"<div>Die praktische Auto-Anlegerampe f\u00fcr Hunde! <\/p>\n<p> Ideal f\u00fcr Welpen, gro\u00dfe und schwere Rassen, Seniorenhunde und Hunde in der Rekonvaleszenz. Hilft H\u00fcfte und Gelenke zu schonen, unterst\u00fctzt einen bequemen Ein-\/Ausstieg.<\/p>\n<p> Belastbar bis 50 kg. Stabile Holzrampe, mit Anti-Rutsch Trittfl\u00e4che. Kann platzsparend zusammengelegt werden. Keine Montage n\u00f6tig &#8211; einfach an die Sto\u00dfstange anlegen. <\/p>\n<p>L\u00e4nge: ca. 120 cm, Breite: ca. 30 cm.<\/p>\n<p>Ma\u00dfe im zusammengeklappten Zustand: ca. 62 x 30,5 x 12 cm<\/p><\/div>\n","protected":false},"excerpt":{"rendered":"<p>Die praktische Auto-Anlegerampe f\u00fcr Hunde! Ideal f\u00fcr Welpen, gro\u00dfe und schwere Rassen, Seniorenhunde und Hunde in der Rekonvaleszenz. Hilft H\u00fcfte und Gelenke zu schonen, unterst\u00fctzt einen bequemen Ein-\/Ausstieg. Belastbar bis 50 kg. Stabile Holzrampe, mit Anti-Rutsch Trittfl\u00e4che. Kann platzsparend zusammengelegt werden. Keine Montage n\u00f6tig &#8211; einfach an die Sto\u00dfstange anlegen. L\u00e4nge: ca. 120 cm, Breite: [&hellip;]<\/p>\n","protected":false},"featured_media":14592,"comment_status":"closed","ping_status":"open","template":"","meta":[],"product_cat":[13724],"product_tag":[],"class_list":{"0":"post-44729","1":"product","2":"type-product","3":"status-publish","4":"has-post-thumbnail","6":"product_cat-nuetzliche-helfer","8":"first","9":"instock","10":"taxable","11":"shipping-taxable","12":"purchasable","13":"product-type-simple"},"_links":{"self":[{"href":"https:\/\/all-pets.de\/shop\/wp-json\/wp\/v2\/product\/44729","targetHints":{"allow":["GET"]}}],"collection":[{"href":"https:\/\/all-pets.de\/shop\/wp-json\/wp\/v2\/product"}],"about":[{"href":"https:\/\/all-pets.de\/shop\/wp-json\/wp\/v2\/types\/product"}],"replies":[{"embeddable":true,"href":"https:\/\/all-pets.de\/shop\/wp-json\/wp\/v2\/comments?post=44729"}],"wp:featuredmedia":[{"embeddable":true,"href":"https:\/\/all-pets.de\/shop\/wp-json\/wp\/v2\/media\/14592"}],"wp:attachment":[{"href":"https:\/\/all-pets.de\/shop\/wp-json\/wp\/v2\/media?parent=44729"}],"wp:term":[{"taxonomy":"product_cat","embeddable":true,"href":"https:\/\/all-pets.de\/shop\/wp-json\/wp\/v2\/product_cat?post=44729"},{"taxonomy":"product_tag","embeddable":true,"href":"https:\/\/all-pets.de\/shop\/wp-json\/wp\/v2\/product_tag?post=44729"}],"curies":[{"name":"wp","href":"https:\/\/api.w.org\/{rel}","templated":true}]}}