{"id":44735,"date":"2023-12-12T10:46:16","date_gmt":"2023-12-12T09:46:16","guid":{"rendered":"https:\/\/pet-shopping.de\/shop\/produkt\/karlie-katzenangel-igel-mit-sound\/"},"modified":"2023-12-12T10:46:17","modified_gmt":"2023-12-12T09:46:17","slug":"karlie-katzenangel-igel-mit-sound","status":"publish","type":"product","link":"https:\/\/all-pets.de\/shop\/produkt\/karlie-katzenangel-igel-mit-sound\/","title":{"rendered":"Karlie Katzenangel IGEL mit Sound"},"content":{"rendered":"<p>Tolle Katzenangel mit Sound und CATNIP-Duftstoff. L\u00e4nge ca. 50 cm<\/p>\n<p>Diverse Farben. Eine Farbwahl ist leider nicht m\u00f6glich, da die Farbe je nach Lagerbestand gew\u00e4hlt wird.<\/p>\n","protected":false},"excerpt":{"rendered":"<p>Tolle Katzenangel mit Sound und CATNIP-Duftstoff. L\u00e4nge ca. 50 cm Diverse Farben. Eine Farbwahl ist leider nicht m\u00f6glich, da die Farbe je nach Lagerbestand gew\u00e4hlt wird.<\/p>\n","protected":false},"featured_media":14632,"comment_status":"closed","ping_status":"open","template":"","meta":[],"product_cat":[13739],"product_tag":[],"class_list":{"0":"post-44735","1":"product","2":"type-product","3":"status-publish","4":"has-post-thumbnail","6":"product_cat-katzenspielangeln-co","8":"first","9":"instock","10":"taxable","11":"shipping-taxable","12":"purchasable","13":"product-type-simple"},"_links":{"self":[{"href":"https:\/\/all-pets.de\/shop\/wp-json\/wp\/v2\/product\/44735","targetHints":{"allow":["GET"]}}],"collection":[{"href":"https:\/\/all-pets.de\/shop\/wp-json\/wp\/v2\/product"}],"about":[{"href":"https:\/\/all-pets.de\/shop\/wp-json\/wp\/v2\/types\/product"}],"replies":[{"embeddable":true,"href":"https:\/\/all-pets.de\/shop\/wp-json\/wp\/v2\/comments?post=44735"}],"wp:featuredmedia":[{"embeddable":true,"href":"https:\/\/all-pets.de\/shop\/wp-json\/wp\/v2\/media\/14632"}],"wp:attachment":[{"href":"https:\/\/all-pets.de\/shop\/wp-json\/wp\/v2\/media?parent=44735"}],"wp:term":[{"taxonomy":"product_cat","embeddable":true,"href":"https:\/\/all-pets.de\/shop\/wp-json\/wp\/v2\/product_cat?post=44735"},{"taxonomy":"product_tag","embeddable":true,"href":"https:\/\/all-pets.de\/shop\/wp-json\/wp\/v2\/product_tag?post=44735"}],"curies":[{"name":"wp","href":"https:\/\/api.w.org\/{rel}","templated":true}]}}