{"id":44741,"date":"2023-12-12T10:46:16","date_gmt":"2023-12-12T09:46:16","guid":{"rendered":"https:\/\/pet-shopping.de\/shop\/produkt\/karlie-klettergeruest-aus-naturholz\/"},"modified":"2023-12-12T10:46:18","modified_gmt":"2023-12-12T09:46:18","slug":"karlie-klettergeruest-aus-naturholz","status":"publish","type":"product","link":"https:\/\/all-pets.de\/shop\/produkt\/karlie-klettergeruest-aus-naturholz\/","title":{"rendered":"Karlie Kletterger\u00fcst aus Naturholz"},"content":{"rendered":"<p>Karlie Wonderland Kletterger\u00fcst f\u00fcr Hamster und M\u00e4use. Aus Naturholz. <\/p>\n<p>&#8211; Gr\u00f6\u00dfe: 29 x 19 x 23,5 cm<\/p>\n","protected":false},"excerpt":{"rendered":"<p>Karlie Wonderland Kletterger\u00fcst f\u00fcr Hamster und M\u00e4use. Aus Naturholz. &#8211; Gr\u00f6\u00dfe: 29 x 19 x 23,5 cm<\/p>\n","protected":false},"featured_media":14714,"comment_status":"closed","ping_status":"open","template":"","meta":[],"product_cat":[13745],"product_tag":[],"class_list":{"0":"post-44741","1":"product","2":"type-product","3":"status-publish","4":"has-post-thumbnail","6":"product_cat-spiel-sport","8":"first","9":"instock","10":"taxable","11":"shipping-taxable","12":"purchasable","13":"product-type-simple"},"_links":{"self":[{"href":"https:\/\/all-pets.de\/shop\/wp-json\/wp\/v2\/product\/44741","targetHints":{"allow":["GET"]}}],"collection":[{"href":"https:\/\/all-pets.de\/shop\/wp-json\/wp\/v2\/product"}],"about":[{"href":"https:\/\/all-pets.de\/shop\/wp-json\/wp\/v2\/types\/product"}],"replies":[{"embeddable":true,"href":"https:\/\/all-pets.de\/shop\/wp-json\/wp\/v2\/comments?post=44741"}],"wp:featuredmedia":[{"embeddable":true,"href":"https:\/\/all-pets.de\/shop\/wp-json\/wp\/v2\/media\/14714"}],"wp:attachment":[{"href":"https:\/\/all-pets.de\/shop\/wp-json\/wp\/v2\/media?parent=44741"}],"wp:term":[{"taxonomy":"product_cat","embeddable":true,"href":"https:\/\/all-pets.de\/shop\/wp-json\/wp\/v2\/product_cat?post=44741"},{"taxonomy":"product_tag","embeddable":true,"href":"https:\/\/all-pets.de\/shop\/wp-json\/wp\/v2\/product_tag?post=44741"}],"curies":[{"name":"wp","href":"https:\/\/api.w.org\/{rel}","templated":true}]}}