{"id":44749,"date":"2023-12-12T10:46:16","date_gmt":"2023-12-12T09:46:16","guid":{"rendered":"https:\/\/pet-shopping.de\/shop\/produkt\/karlie-labyrinth-spielpark-rody-cleverynth\/"},"modified":"2023-12-12T10:46:19","modified_gmt":"2023-12-12T09:46:19","slug":"karlie-labyrinth-spielpark-rody-cleverynth","status":"publish","type":"product","link":"https:\/\/all-pets.de\/shop\/produkt\/karlie-labyrinth-spielpark-rody-cleverynth\/","title":{"rendered":"Karlie Labyrinth-Spielpark RODY CLEVERYNTH"},"content":{"rendered":"<p>Raumteilung variabel &#8211; ideal zum Bef\u00fcllen mit unterschiedlichen Materialien z.B. Salat, Fr\u00fcchte, Wiesenheu, Sp\u00e4ne, Obstbaumzweige. 4 Ein-\/ Ausg\u00e4nge. Rampe mit Laufsprossen. Unbehandeltes Naturholz. Z.B. f\u00fcr Hamster, M\u00e4use, Gerbils.<\/p>\n<p> Gr\u00f6\u00dfe: 22,5 x 17,5 x 10 cm<br \/> Eing\u00e4nge: ca. 4 cm Durchmesser<\/p>\n","protected":false},"excerpt":{"rendered":"<p>Raumteilung variabel &#8211; ideal zum Bef\u00fcllen mit unterschiedlichen Materialien z.B. Salat, Fr\u00fcchte, Wiesenheu, Sp\u00e4ne, Obstbaumzweige. 4 Ein-\/ Ausg\u00e4nge. Rampe mit Laufsprossen. Unbehandeltes Naturholz. Z.B. f\u00fcr Hamster, M\u00e4use, Gerbils. Gr\u00f6\u00dfe: 22,5 x 17,5 x 10 cm Eing\u00e4nge: ca. 4 cm Durchmesser<\/p>\n","protected":false},"featured_media":14771,"comment_status":"closed","ping_status":"open","template":"","meta":[],"product_cat":[13745],"product_tag":[],"class_list":{"0":"post-44749","1":"product","2":"type-product","3":"status-publish","4":"has-post-thumbnail","6":"product_cat-spiel-sport","8":"first","9":"instock","10":"taxable","11":"shipping-taxable","12":"purchasable","13":"product-type-simple"},"_links":{"self":[{"href":"https:\/\/all-pets.de\/shop\/wp-json\/wp\/v2\/product\/44749","targetHints":{"allow":["GET"]}}],"collection":[{"href":"https:\/\/all-pets.de\/shop\/wp-json\/wp\/v2\/product"}],"about":[{"href":"https:\/\/all-pets.de\/shop\/wp-json\/wp\/v2\/types\/product"}],"replies":[{"embeddable":true,"href":"https:\/\/all-pets.de\/shop\/wp-json\/wp\/v2\/comments?post=44749"}],"wp:featuredmedia":[{"embeddable":true,"href":"https:\/\/all-pets.de\/shop\/wp-json\/wp\/v2\/media\/14771"}],"wp:attachment":[{"href":"https:\/\/all-pets.de\/shop\/wp-json\/wp\/v2\/media?parent=44749"}],"wp:term":[{"taxonomy":"product_cat","embeddable":true,"href":"https:\/\/all-pets.de\/shop\/wp-json\/wp\/v2\/product_cat?post=44749"},{"taxonomy":"product_tag","embeddable":true,"href":"https:\/\/all-pets.de\/shop\/wp-json\/wp\/v2\/product_tag?post=44749"}],"curies":[{"name":"wp","href":"https:\/\/api.w.org\/{rel}","templated":true}]}}