{"id":44752,"date":"2023-12-12T10:46:16","date_gmt":"2023-12-12T09:46:16","guid":{"rendered":"https:\/\/pet-shopping.de\/shop\/produkt\/karlie-buffalo-fuehrleine-hellgruen\/"},"modified":"2023-12-12T10:46:19","modified_gmt":"2023-12-12T09:46:19","slug":"karlie-buffalo-fuehrleine-hellgruen","status":"publish","type":"product","link":"https:\/\/all-pets.de\/shop\/produkt\/karlie-buffalo-fuehrleine-hellgruen\/","title":{"rendered":"Karlie Buffalo F\u00fchrleine &#8211; Hellgr\u00fcn"},"content":{"rendered":"<p><font face=\"verdana\"><\/p>\n<ul>\n<li><font size=\"2\">Obermaterial: farbiges Kalbsleder<\/font><\/li>\n<li><font size=\"2\">Futter: farbiges Kalbsleder<\/font><\/li>\n<li><font size=\"2\">in Handarbeit vern\u00e4ht<\/font><\/li>\n<li><font size=\"2\">geriegelt, abgen\u00e4ht, gebuggt<\/font><\/li>\n<li><font size=\"2\">wasserabweisend<\/font><\/li>\n<li><font size=\"2\">3-fach verstellbar<\/font><\/li>\n<li><font size=\"2\">verchromte Beschl\u00e4ge<\/font><\/li>\n<li><font size=\"2\">produziert in Deutschland &#8211; Made in Germany<\/font><\/li>\n<li><font size=\"2\">hochwertig verarbeitet, hervorragende Qualit\u00e4t<\/font><\/li>\n<li><font size=\"2\">Farbe: hellgr\u00fcn<\/font><\/li>\n<li><font size=\"2\">L\u00e4nge: ca. 200 cm<\/font><\/li>\n<li><font size=\"2\">Breite: ca. 18 mm<br \/><\/font><\/li>\n<\/ul>\n<p><\/font><\/p>\n","protected":false},"excerpt":{"rendered":"<p>Obermaterial: farbiges Kalbsleder Futter: farbiges Kalbsleder in Handarbeit vern\u00e4ht geriegelt, abgen\u00e4ht, gebuggt wasserabweisend 3-fach verstellbar verchromte Beschl\u00e4ge produziert in Deutschland &#8211; Made in Germany hochwertig verarbeitet, hervorragende Qualit\u00e4t Farbe: hellgr\u00fcn L\u00e4nge: ca. 200 cm Breite: ca. 18 mm<\/p>\n","protected":false},"featured_media":44753,"comment_status":"closed","ping_status":"open","template":"","meta":[],"product_cat":[13749],"product_tag":[],"class_list":{"0":"post-44752","1":"product","2":"type-product","3":"status-publish","4":"has-post-thumbnail","6":"product_cat-lederleinen","8":"first","9":"instock","10":"taxable","11":"shipping-taxable","12":"purchasable","13":"product-type-simple"},"_links":{"self":[{"href":"https:\/\/all-pets.de\/shop\/wp-json\/wp\/v2\/product\/44752","targetHints":{"allow":["GET"]}}],"collection":[{"href":"https:\/\/all-pets.de\/shop\/wp-json\/wp\/v2\/product"}],"about":[{"href":"https:\/\/all-pets.de\/shop\/wp-json\/wp\/v2\/types\/product"}],"replies":[{"embeddable":true,"href":"https:\/\/all-pets.de\/shop\/wp-json\/wp\/v2\/comments?post=44752"}],"wp:featuredmedia":[{"embeddable":true,"href":"https:\/\/all-pets.de\/shop\/wp-json\/wp\/v2\/media\/44753"}],"wp:attachment":[{"href":"https:\/\/all-pets.de\/shop\/wp-json\/wp\/v2\/media?parent=44752"}],"wp:term":[{"taxonomy":"product_cat","embeddable":true,"href":"https:\/\/all-pets.de\/shop\/wp-json\/wp\/v2\/product_cat?post=44752"},{"taxonomy":"product_tag","embeddable":true,"href":"https:\/\/all-pets.de\/shop\/wp-json\/wp\/v2\/product_tag?post=44752"}],"curies":[{"name":"wp","href":"https:\/\/api.w.org\/{rel}","templated":true}]}}