{"id":44756,"date":"2023-12-12T10:46:21","date_gmt":"2023-12-12T09:46:21","guid":{"rendered":"https:\/\/pet-shopping.de\/shop\/produkt\/karlie-medifleece-heimtierdecke-beige-70-x-100-cm\/"},"modified":"2023-12-12T10:46:21","modified_gmt":"2023-12-12T09:46:21","slug":"karlie-medifleece-heimtierdecke-beige-70-x-100-cm","status":"publish","type":"product","link":"https:\/\/all-pets.de\/shop\/produkt\/karlie-medifleece-heimtierdecke-beige-70-x-100-cm\/","title":{"rendered":"Karlie MEDIFLEECE Heimtierdecke &#8211; Beige, 70 x 100 cm"},"content":{"rendered":"<p>Die hygienische Heimtierdecke f\u00fcr jede Jahreszeit. Selbst wenn Ihr Tier nass ist, liegt es auf dieser Decke sch\u00f6n trocken. Die spezielle Faserstruktur macht es m\u00f6glich und gew\u00e4hrleistet eine st\u00e4ndige Luftzirkulation. Diese Decke in kuschelweicher Qualit\u00e4t ist ideal f\u00fcr Wohnung, Auto oder Zwinger. Mit geb\u00f6rdeltem Rand. Waschbar bei 30 \u00b0C. <\/p>\n<p> Ma\u00dfe: 70 x 100 cm<br \/> Farbe: Beige<br \/> Material: 100% Polyester<\/p>\n","protected":false},"excerpt":{"rendered":"<p>Die hygienische Heimtierdecke f\u00fcr jede Jahreszeit. Selbst wenn Ihr Tier nass ist, liegt es auf dieser Decke sch\u00f6n trocken. Die spezielle Faserstruktur macht es m\u00f6glich und gew\u00e4hrleistet eine st\u00e4ndige Luftzirkulation. Diese Decke in kuschelweicher Qualit\u00e4t ist ideal f\u00fcr Wohnung, Auto oder Zwinger. Mit geb\u00f6rdeltem Rand. Waschbar bei 30 \u00b0C. Ma\u00dfe: 70 x 100 cm Farbe: [&hellip;]<\/p>\n","protected":false},"featured_media":14845,"comment_status":"closed","ping_status":"open","template":"","meta":[],"product_cat":[13755],"product_tag":[],"class_list":{"0":"post-44756","1":"product","2":"type-product","3":"status-publish","4":"has-post-thumbnail","6":"product_cat-betten-sofas","8":"first","9":"instock","10":"taxable","11":"shipping-taxable","12":"purchasable","13":"product-type-simple"},"_links":{"self":[{"href":"https:\/\/all-pets.de\/shop\/wp-json\/wp\/v2\/product\/44756","targetHints":{"allow":["GET"]}}],"collection":[{"href":"https:\/\/all-pets.de\/shop\/wp-json\/wp\/v2\/product"}],"about":[{"href":"https:\/\/all-pets.de\/shop\/wp-json\/wp\/v2\/types\/product"}],"replies":[{"embeddable":true,"href":"https:\/\/all-pets.de\/shop\/wp-json\/wp\/v2\/comments?post=44756"}],"wp:featuredmedia":[{"embeddable":true,"href":"https:\/\/all-pets.de\/shop\/wp-json\/wp\/v2\/media\/14845"}],"wp:attachment":[{"href":"https:\/\/all-pets.de\/shop\/wp-json\/wp\/v2\/media?parent=44756"}],"wp:term":[{"taxonomy":"product_cat","embeddable":true,"href":"https:\/\/all-pets.de\/shop\/wp-json\/wp\/v2\/product_cat?post=44756"},{"taxonomy":"product_tag","embeddable":true,"href":"https:\/\/all-pets.de\/shop\/wp-json\/wp\/v2\/product_tag?post=44756"}],"curies":[{"name":"wp","href":"https:\/\/api.w.org\/{rel}","templated":true}]}}