{"id":44758,"date":"2023-12-12T10:46:21","date_gmt":"2023-12-12T09:46:21","guid":{"rendered":"https:\/\/pet-shopping.de\/shop\/produkt\/karlie-nachfuell-pack-fuer-die-swifty-hunde-kottuete\/"},"modified":"2023-12-12T10:46:22","modified_gmt":"2023-12-12T09:46:22","slug":"karlie-nachfuell-pack-fuer-die-swifty-hunde-kottuete","status":"publish","type":"product","link":"https:\/\/all-pets.de\/shop\/produkt\/karlie-nachfuell-pack-fuer-die-swifty-hunde-kottuete\/","title":{"rendered":"Karlie Nachf\u00fcll-Pack f\u00fcr die SWIFTY Hunde-Kott\u00fcte"},"content":{"rendered":"<p>3 Swifty-Ersatzrollen mit je 8 Kott\u00fcten mit Hygienestreifen<\/p>\n","protected":false},"excerpt":{"rendered":"<p>3 Swifty-Ersatzrollen mit je 8 Kott\u00fcten mit Hygienestreifen<\/p>\n","protected":false},"featured_media":14872,"comment_status":"closed","ping_status":"open","template":"","meta":[],"product_cat":[13757],"product_tag":[],"class_list":{"0":"post-44758","1":"product","2":"type-product","3":"status-publish","4":"has-post-thumbnail","6":"product_cat-hundetoiletten-hygiene","8":"first","9":"instock","10":"taxable","11":"shipping-taxable","12":"purchasable","13":"product-type-simple"},"_links":{"self":[{"href":"https:\/\/all-pets.de\/shop\/wp-json\/wp\/v2\/product\/44758","targetHints":{"allow":["GET"]}}],"collection":[{"href":"https:\/\/all-pets.de\/shop\/wp-json\/wp\/v2\/product"}],"about":[{"href":"https:\/\/all-pets.de\/shop\/wp-json\/wp\/v2\/types\/product"}],"replies":[{"embeddable":true,"href":"https:\/\/all-pets.de\/shop\/wp-json\/wp\/v2\/comments?post=44758"}],"wp:featuredmedia":[{"embeddable":true,"href":"https:\/\/all-pets.de\/shop\/wp-json\/wp\/v2\/media\/14872"}],"wp:attachment":[{"href":"https:\/\/all-pets.de\/shop\/wp-json\/wp\/v2\/media?parent=44758"}],"wp:term":[{"taxonomy":"product_cat","embeddable":true,"href":"https:\/\/all-pets.de\/shop\/wp-json\/wp\/v2\/product_cat?post=44758"},{"taxonomy":"product_tag","embeddable":true,"href":"https:\/\/all-pets.de\/shop\/wp-json\/wp\/v2\/product_tag?post=44758"}],"curies":[{"name":"wp","href":"https:\/\/api.w.org\/{rel}","templated":true}]}}