{"id":44760,"date":"2023-12-12T10:46:21","date_gmt":"2023-12-12T09:46:21","guid":{"rendered":"https:\/\/pet-shopping.de\/shop\/produkt\/karlie-pflegehandschuh-mit-zupf-und-glanznoppenseite\/"},"modified":"2023-12-12T10:46:22","modified_gmt":"2023-12-12T09:46:22","slug":"karlie-pflegehandschuh-mit-zupf-und-glanznoppenseite","status":"publish","type":"product","link":"https:\/\/all-pets.de\/shop\/produkt\/karlie-pflegehandschuh-mit-zupf-und-glanznoppenseite\/","title":{"rendered":"Karlie Pflegehandschuh mit Zupf- und Glanznoppenseite"},"content":{"rendered":"<p>Doppelseitiger Pflegehandschuh mit Zupfseite und Glanznoppenseite f\u00fcr Hunde mit drahtigem Fell aus der Karlie Perfect Care Pflegeserie. <\/p>\n<p>&#8211; Gr\u00f6\u00dfe: 20 cm.<\/p>\n","protected":false},"excerpt":{"rendered":"<p>Doppelseitiger Pflegehandschuh mit Zupfseite und Glanznoppenseite f\u00fcr Hunde mit drahtigem Fell aus der Karlie Perfect Care Pflegeserie. &#8211; Gr\u00f6\u00dfe: 20 cm.<\/p>\n","protected":false},"featured_media":14916,"comment_status":"closed","ping_status":"open","template":"","meta":[],"product_cat":[13758],"product_tag":[],"class_list":{"0":"post-44760","1":"product","2":"type-product","3":"status-publish","4":"has-post-thumbnail","6":"product_cat-pflege-handschuhe","8":"first","9":"instock","10":"taxable","11":"shipping-taxable","12":"purchasable","13":"product-type-simple"},"_links":{"self":[{"href":"https:\/\/all-pets.de\/shop\/wp-json\/wp\/v2\/product\/44760","targetHints":{"allow":["GET"]}}],"collection":[{"href":"https:\/\/all-pets.de\/shop\/wp-json\/wp\/v2\/product"}],"about":[{"href":"https:\/\/all-pets.de\/shop\/wp-json\/wp\/v2\/types\/product"}],"replies":[{"embeddable":true,"href":"https:\/\/all-pets.de\/shop\/wp-json\/wp\/v2\/comments?post=44760"}],"wp:featuredmedia":[{"embeddable":true,"href":"https:\/\/all-pets.de\/shop\/wp-json\/wp\/v2\/media\/14916"}],"wp:attachment":[{"href":"https:\/\/all-pets.de\/shop\/wp-json\/wp\/v2\/media?parent=44760"}],"wp:term":[{"taxonomy":"product_cat","embeddable":true,"href":"https:\/\/all-pets.de\/shop\/wp-json\/wp\/v2\/product_cat?post=44760"},{"taxonomy":"product_tag","embeddable":true,"href":"https:\/\/all-pets.de\/shop\/wp-json\/wp\/v2\/product_tag?post=44760"}],"curies":[{"name":"wp","href":"https:\/\/api.w.org\/{rel}","templated":true}]}}