{"id":44767,"date":"2023-12-12T10:46:21","date_gmt":"2023-12-12T09:46:21","guid":{"rendered":"https:\/\/pet-shopping.de\/shop\/produkt\/karlie-rody-camp-in-und-outdoor-zelt-38-cm\/"},"modified":"2023-12-12T10:46:23","modified_gmt":"2023-12-12T09:46:23","slug":"karlie-rody-camp-in-und-outdoor-zelt-38-cm","status":"publish","type":"product","link":"https:\/\/all-pets.de\/shop\/produkt\/karlie-rody-camp-in-und-outdoor-zelt-38-cm\/","title":{"rendered":"Karlie RODY CAMP In- und Outdoor-Zelt &#8211; 38 cm"},"content":{"rendered":"<p>Das Kleintierzelt f\u00fcr den In- und Outdoor-Bereich. Das Zelt, das bei 30\u00b0 waschbar ist, kann bei Nichtgebrauch platzsparend zusammengelegt werden und verf\u00fcgt \u00fcber eine herausnehmbare Liegedecke. <\/p>\n<p> &#8211; Gr\u00f6\u00dfe: ca. 38 x 38 x 30 cm<br \/> &#8211; Farben: Hellgr\u00fcn-Blau, Hellgr\u00fcn-Schwarz, Hellgr\u00fcn-Grau<br \/> <font size=\"1\">(Eine Farbwahl ist leider nicht m\u00f6glich. Die Farbe wird je nach Lagerbestand gew\u00e4hlt.)<\/font><\/p>\n","protected":false},"excerpt":{"rendered":"<p>Das Kleintierzelt f\u00fcr den In- und Outdoor-Bereich. Das Zelt, das bei 30\u00b0 waschbar ist, kann bei Nichtgebrauch platzsparend zusammengelegt werden und verf\u00fcgt \u00fcber eine herausnehmbare Liegedecke. &#8211; Gr\u00f6\u00dfe: ca. 38 x 38 x 30 cm &#8211; Farben: Hellgr\u00fcn-Blau, Hellgr\u00fcn-Schwarz, Hellgr\u00fcn-Grau (Eine Farbwahl ist leider nicht m\u00f6glich. Die Farbe wird je nach Lagerbestand gew\u00e4hlt.)<\/p>\n","protected":false},"featured_media":14983,"comment_status":"closed","ping_status":"open","template":"","meta":[],"product_cat":[13763],"product_tag":[],"class_list":{"0":"post-44767","1":"product","2":"type-product","3":"status-publish","4":"has-post-thumbnail","6":"product_cat-weitere-haeuser-ausstattung-zubehoer-spiel-sportkleintierwelt-ausstattung-zubehoer-tunnel-hoehlen-brueckenkleintierwelt","8":"first","9":"instock","10":"taxable","11":"shipping-taxable","12":"purchasable","13":"product-type-simple"},"_links":{"self":[{"href":"https:\/\/all-pets.de\/shop\/wp-json\/wp\/v2\/product\/44767","targetHints":{"allow":["GET"]}}],"collection":[{"href":"https:\/\/all-pets.de\/shop\/wp-json\/wp\/v2\/product"}],"about":[{"href":"https:\/\/all-pets.de\/shop\/wp-json\/wp\/v2\/types\/product"}],"replies":[{"embeddable":true,"href":"https:\/\/all-pets.de\/shop\/wp-json\/wp\/v2\/comments?post=44767"}],"wp:featuredmedia":[{"embeddable":true,"href":"https:\/\/all-pets.de\/shop\/wp-json\/wp\/v2\/media\/14983"}],"wp:attachment":[{"href":"https:\/\/all-pets.de\/shop\/wp-json\/wp\/v2\/media?parent=44767"}],"wp:term":[{"taxonomy":"product_cat","embeddable":true,"href":"https:\/\/all-pets.de\/shop\/wp-json\/wp\/v2\/product_cat?post=44767"},{"taxonomy":"product_tag","embeddable":true,"href":"https:\/\/all-pets.de\/shop\/wp-json\/wp\/v2\/product_tag?post=44767"}],"curies":[{"name":"wp","href":"https:\/\/api.w.org\/{rel}","templated":true}]}}