{"id":44784,"date":"2023-12-12T10:46:25","date_gmt":"2023-12-12T09:46:25","guid":{"rendered":"https:\/\/pet-shopping.de\/shop\/produkt\/karlie-tennisbaelle-3015-2er-set-6-cm\/"},"modified":"2023-12-12T10:46:26","modified_gmt":"2023-12-12T09:46:26","slug":"karlie-tennisbaelle-3015-2er-set-6-cm","status":"publish","type":"product","link":"https:\/\/all-pets.de\/shop\/produkt\/karlie-tennisbaelle-3015-2er-set-6-cm\/","title":{"rendered":"Karlie Tennisb\u00e4lle 30:15 &#8211; 2er Set, 6 cm"},"content":{"rendered":"<p>Tennisspielzeug &#8211; ein beliebtes Spielzeug bei allen Hunden. Gut geeignet zum Werfen, zum Apportieren und f\u00fcr Zerrspiele. Erh\u00e4ltlich in verschiedenen Formen, wie Knochen, Boomerang, Stick oder Ball mit Seil.<\/p>\n<p>Mit den Tennisballartikeln 30:15 ist Spiel und Spa\u00df angesagt. Ein stundenlanges Spielvergn\u00fcgen ist mit diesem klassischen Spielzeug garantiert. Die Tennisballartikel mit Pf\u00f6tchenaufdruck sind erh\u00e4ltlich in verschiedenen Gr\u00f6\u00dfen und Formen.<\/p>\n<p>Die Tennisb\u00e4lle im 2er Sethaben einen Durchmesser von ca. 6 cm.<\/p>\n","protected":false},"excerpt":{"rendered":"<p>Tennisspielzeug &#8211; ein beliebtes Spielzeug bei allen Hunden. Gut geeignet zum Werfen, zum Apportieren und f\u00fcr Zerrspiele. Erh\u00e4ltlich in verschiedenen Formen, wie Knochen, Boomerang, Stick oder Ball mit Seil. Mit den Tennisballartikeln 30:15 ist Spiel und Spa\u00df angesagt. Ein stundenlanges Spielvergn\u00fcgen ist mit diesem klassischen Spielzeug garantiert. Die Tennisballartikel mit Pf\u00f6tchenaufdruck sind erh\u00e4ltlich in verschiedenen [&hellip;]<\/p>\n","protected":false},"featured_media":15128,"comment_status":"closed","ping_status":"open","template":"","meta":[],"product_cat":[13769],"product_tag":[],"class_list":{"0":"post-44784","1":"product","2":"type-product","3":"status-publish","4":"has-post-thumbnail","6":"product_cat-hundebaelle","8":"first","9":"instock","10":"taxable","11":"shipping-taxable","12":"purchasable","13":"product-type-simple"},"_links":{"self":[{"href":"https:\/\/all-pets.de\/shop\/wp-json\/wp\/v2\/product\/44784","targetHints":{"allow":["GET"]}}],"collection":[{"href":"https:\/\/all-pets.de\/shop\/wp-json\/wp\/v2\/product"}],"about":[{"href":"https:\/\/all-pets.de\/shop\/wp-json\/wp\/v2\/types\/product"}],"replies":[{"embeddable":true,"href":"https:\/\/all-pets.de\/shop\/wp-json\/wp\/v2\/comments?post=44784"}],"wp:featuredmedia":[{"embeddable":true,"href":"https:\/\/all-pets.de\/shop\/wp-json\/wp\/v2\/media\/15128"}],"wp:attachment":[{"href":"https:\/\/all-pets.de\/shop\/wp-json\/wp\/v2\/media?parent=44784"}],"wp:term":[{"taxonomy":"product_cat","embeddable":true,"href":"https:\/\/all-pets.de\/shop\/wp-json\/wp\/v2\/product_cat?post=44784"},{"taxonomy":"product_tag","embeddable":true,"href":"https:\/\/all-pets.de\/shop\/wp-json\/wp\/v2\/product_tag?post=44784"}],"curies":[{"name":"wp","href":"https:\/\/api.w.org\/{rel}","templated":true}]}}