{"id":44786,"date":"2023-12-12T10:46:25","date_gmt":"2023-12-12T09:46:25","guid":{"rendered":"https:\/\/pet-shopping.de\/shop\/produkt\/karlie-trinkflaschen-halterung-aqua-fix\/"},"modified":"2023-12-12T10:46:26","modified_gmt":"2023-12-12T09:46:26","slug":"karlie-trinkflaschen-halterung-aqua-fix","status":"publish","type":"product","link":"https:\/\/all-pets.de\/shop\/produkt\/karlie-trinkflaschen-halterung-aqua-fix\/","title":{"rendered":"Karlie Trinkflaschen-Halterung AQUA FIX"},"content":{"rendered":"<p>&#8211; Mit rostfreiem Edelstahlr\u00f6hrchen und tropfsicherem Kugelventil <br \/> &#8211; Geeignet f\u00fcr jede Getr\u00e4nkeflasche <br \/> &#8211; Ideal f\u00fcr innen und au\u00dfen <br \/> &#8211; 15 x 6 x 15 cm<\/p>\n","protected":false},"excerpt":{"rendered":"<p>&#8211; Mit rostfreiem Edelstahlr\u00f6hrchen und tropfsicherem Kugelventil &#8211; Geeignet f\u00fcr jede Getr\u00e4nkeflasche &#8211; Ideal f\u00fcr innen und au\u00dfen &#8211; 15 x 6 x 15 cm<\/p>\n","protected":false},"featured_media":15209,"comment_status":"closed","ping_status":"open","template":"","meta":[],"product_cat":[13770],"product_tag":[],"class_list":{"0":"post-44786","1":"product","2":"type-product","3":"status-publish","4":"has-post-thumbnail","6":"product_cat-katzentraenken-trinkbrunnen","8":"first","9":"instock","10":"taxable","11":"shipping-taxable","12":"purchasable","13":"product-type-simple"},"_links":{"self":[{"href":"https:\/\/all-pets.de\/shop\/wp-json\/wp\/v2\/product\/44786","targetHints":{"allow":["GET"]}}],"collection":[{"href":"https:\/\/all-pets.de\/shop\/wp-json\/wp\/v2\/product"}],"about":[{"href":"https:\/\/all-pets.de\/shop\/wp-json\/wp\/v2\/types\/product"}],"replies":[{"embeddable":true,"href":"https:\/\/all-pets.de\/shop\/wp-json\/wp\/v2\/comments?post=44786"}],"wp:featuredmedia":[{"embeddable":true,"href":"https:\/\/all-pets.de\/shop\/wp-json\/wp\/v2\/media\/15209"}],"wp:attachment":[{"href":"https:\/\/all-pets.de\/shop\/wp-json\/wp\/v2\/media?parent=44786"}],"wp:term":[{"taxonomy":"product_cat","embeddable":true,"href":"https:\/\/all-pets.de\/shop\/wp-json\/wp\/v2\/product_cat?post=44786"},{"taxonomy":"product_tag","embeddable":true,"href":"https:\/\/all-pets.de\/shop\/wp-json\/wp\/v2\/product_tag?post=44786"}],"curies":[{"name":"wp","href":"https:\/\/api.w.org\/{rel}","templated":true}]}}