{"id":44795,"date":"2023-12-12T10:46:25","date_gmt":"2023-12-12T09:46:25","guid":{"rendered":"https:\/\/pet-shopping.de\/shop\/produkt\/robocat-goldfisch-30-cm\/"},"modified":"2023-12-12T10:46:26","modified_gmt":"2023-12-12T09:46:26","slug":"robocat-goldfisch-30-cm","status":"publish","type":"product","link":"https:\/\/all-pets.de\/shop\/produkt\/robocat-goldfisch-30-cm\/","title":{"rendered":"Robocat Goldfisch &#8211; 30 cm"},"content":{"rendered":"<p>Der erste Goldfisch, der wirklich zum Leben erwacht, und das als Spielzeug f\u00fcr Katzen! Er beginnt beim Spielen zu Zappeln, wie ein echter Fisch.<\/p>\n<p>Gef\u00fcllt mit Madnip und diese Kombination sorgt daf\u00fcr, dass der Jagdinstinkt der Katze bis zum \u00c4u\u00dfersten stimuliert wird. <\/p>\n<p>Einfach aufzuladen mit dem mitgelieferten USB-Kabel.\u00a0 <\/p>\n<p>Gr\u00f6\u00dfe: ca. 30 cm<br \/> <span><\/span><\/p>\n","protected":false},"excerpt":{"rendered":"<p>Der erste Goldfisch, der wirklich zum Leben erwacht, und das als Spielzeug f\u00fcr Katzen! Er beginnt beim Spielen zu Zappeln, wie ein echter Fisch. Gef\u00fcllt mit Madnip und diese Kombination sorgt daf\u00fcr, dass der Jagdinstinkt der Katze bis zum \u00c4u\u00dfersten stimuliert wird. Einfach aufzuladen mit dem mitgelieferten USB-Kabel.\u00a0 Gr\u00f6\u00dfe: ca. 30 cm<\/p>\n","protected":false},"featured_media":23463,"comment_status":"closed","ping_status":"open","template":"","meta":[],"product_cat":[13772],"product_tag":[],"class_list":{"0":"post-44795","1":"product","2":"type-product","3":"status-publish","4":"has-post-thumbnail","6":"product_cat-weitere-spielzeuge-katzenspielzeug","8":"first","9":"instock","10":"taxable","11":"shipping-taxable","12":"purchasable","13":"product-type-simple"},"_links":{"self":[{"href":"https:\/\/all-pets.de\/shop\/wp-json\/wp\/v2\/product\/44795","targetHints":{"allow":["GET"]}}],"collection":[{"href":"https:\/\/all-pets.de\/shop\/wp-json\/wp\/v2\/product"}],"about":[{"href":"https:\/\/all-pets.de\/shop\/wp-json\/wp\/v2\/types\/product"}],"replies":[{"embeddable":true,"href":"https:\/\/all-pets.de\/shop\/wp-json\/wp\/v2\/comments?post=44795"}],"wp:featuredmedia":[{"embeddable":true,"href":"https:\/\/all-pets.de\/shop\/wp-json\/wp\/v2\/media\/23463"}],"wp:attachment":[{"href":"https:\/\/all-pets.de\/shop\/wp-json\/wp\/v2\/media?parent=44795"}],"wp:term":[{"taxonomy":"product_cat","embeddable":true,"href":"https:\/\/all-pets.de\/shop\/wp-json\/wp\/v2\/product_cat?post=44795"},{"taxonomy":"product_tag","embeddable":true,"href":"https:\/\/all-pets.de\/shop\/wp-json\/wp\/v2\/product_tag?post=44795"}],"curies":[{"name":"wp","href":"https:\/\/api.w.org\/{rel}","templated":true}]}}