{"id":44797,"date":"2023-12-12T10:46:30","date_gmt":"2023-12-12T09:46:30","guid":{"rendered":"https:\/\/pet-shopping.de\/shop\/produkt\/karlie-swifty-scoopn-clever-kotschaufel-mit-tuetenspender\/"},"modified":"2023-12-12T10:46:30","modified_gmt":"2023-12-12T09:46:30","slug":"karlie-swifty-scoopn-clever-kotschaufel-mit-tuetenspender","status":"publish","type":"product","link":"https:\/\/all-pets.de\/shop\/produkt\/karlie-swifty-scoopn-clever-kotschaufel-mit-tuetenspender\/","title":{"rendered":"Karlie Swifty Scoop&#8217;n Clever Kotschaufel mit T\u00fctenspender"},"content":{"rendered":"<p>Ausgesprochen praktisch! Kotschaufel und Kott\u00fctenspender in einem. Im Griff von Swifty Scoop &#8217;n&#8216; Clever ist eine Rolle Kott\u00fcten (Inhalt 15 T\u00fcten) f\u00fcr die Entnahme im Bedarfsfall untergebracht. Durch eine \u00d6ffnung am Griff der Kotschaufel, die die Form einer Pfote hat, k\u00f6nnen die Kotbeutel einfach einzeln herausgezogen werden. Am Ende des Griffs ist ein Deckel mit Schraubverschluss vorhanden, durch den die Kotbeutel ganz einfach nachgef\u00fcllt werden k\u00f6nnen. F\u00fcr Hunde- sowie Katzenbesitzer eine tolle Neuheit!<\/p>\n<p>Diverse Farben. Eine Farbwahl ist leider nicht m\u00f6glich, da die Farbe je nach Lagerbestand gew\u00e4hlt wird.<\/p>\n<p>Ma\u00dfe der Schaufelfl\u00e4che: ca. 11 x 10,5 cm<br \/> Gesamtl\u00e4nge inkl. Griff: ca. 28 cm<\/p>\n","protected":false},"excerpt":{"rendered":"<p>Ausgesprochen praktisch! Kotschaufel und Kott\u00fctenspender in einem. Im Griff von Swifty Scoop &#8217;n&#8216; Clever ist eine Rolle Kott\u00fcten (Inhalt 15 T\u00fcten) f\u00fcr die Entnahme im Bedarfsfall untergebracht. Durch eine \u00d6ffnung am Griff der Kotschaufel, die die Form einer Pfote hat, k\u00f6nnen die Kotbeutel einfach einzeln herausgezogen werden. Am Ende des Griffs ist ein Deckel mit [&hellip;]<\/p>\n","protected":false},"featured_media":17887,"comment_status":"closed","ping_status":"open","template":"","meta":[],"product_cat":[13780],"product_tag":[],"class_list":{"0":"post-44797","1":"product","2":"type-product","3":"status-publish","4":"has-post-thumbnail","6":"product_cat-hundetoiletten-hygiene-pflege-gesundheit-nuetzliche-helferhundewelt-haus-hof-toiletten-zubehoerhundewelt","8":"first","9":"instock","10":"taxable","11":"shipping-taxable","12":"purchasable","13":"product-type-simple"},"_links":{"self":[{"href":"https:\/\/all-pets.de\/shop\/wp-json\/wp\/v2\/product\/44797","targetHints":{"allow":["GET"]}}],"collection":[{"href":"https:\/\/all-pets.de\/shop\/wp-json\/wp\/v2\/product"}],"about":[{"href":"https:\/\/all-pets.de\/shop\/wp-json\/wp\/v2\/types\/product"}],"replies":[{"embeddable":true,"href":"https:\/\/all-pets.de\/shop\/wp-json\/wp\/v2\/comments?post=44797"}],"wp:featuredmedia":[{"embeddable":true,"href":"https:\/\/all-pets.de\/shop\/wp-json\/wp\/v2\/media\/17887"}],"wp:attachment":[{"href":"https:\/\/all-pets.de\/shop\/wp-json\/wp\/v2\/media?parent=44797"}],"wp:term":[{"taxonomy":"product_cat","embeddable":true,"href":"https:\/\/all-pets.de\/shop\/wp-json\/wp\/v2\/product_cat?post=44797"},{"taxonomy":"product_tag","embeddable":true,"href":"https:\/\/all-pets.de\/shop\/wp-json\/wp\/v2\/product_tag?post=44797"}],"curies":[{"name":"wp","href":"https:\/\/api.w.org\/{rel}","templated":true}]}}