{"id":44798,"date":"2023-12-12T10:46:30","date_gmt":"2023-12-12T09:46:30","guid":{"rendered":"https:\/\/pet-shopping.de\/shop\/produkt\/dokas-cat-snack-lachs-smoothie-4x30ml\/"},"modified":"2023-12-12T10:46:30","modified_gmt":"2023-12-12T09:46:30","slug":"dokas-cat-snack-lachs-smoothie-4x30ml","status":"publish","type":"product","link":"https:\/\/all-pets.de\/shop\/produkt\/dokas-cat-snack-lachs-smoothie-4x30ml\/","title":{"rendered":"Dokas Cat Snack Lachs-Smoothie 4x30ml"},"content":{"rendered":"<p>Die smooth\u2018e Freude f\u00fcr jede Katze! Der cremig vitale Snack mit Lachsfilet, abgerundet mit Blaubeere, Sellerie und Meeresalgen. Als kalorienarme Belohnung oder als Topping f\u00fcr das Hauptfutter. Verpackt in einzelnen Sachets f\u00fcr stets frischen Genuss. Das Lachsfilet stammt aus nachhaltiger Fischerei und ist nat\u00fcrlich MSC zertifiziert.<\/p>\n<p><strong>Inhaltsstoffe:<\/strong> <\/p>\n<p>60 % Lachs, pflanzliche Nebenerzeugnisse, Kombu-Algen, Sellerie, Heidelbeere<\/p>\n<p>Analysedaten: Rohprotein: 9,1%  Rohfett: 1,4%  Rohasche: 0,4%  Rohfaser: 0,5%  Feuchtigkeit: 87,4%<\/p>\n<p><strong>F\u00fctterungsempfehlung:<\/strong> <\/p>\n<p>Als Belohnung zwischen den \u00fcblichen Mahlzeiten. Reduzierung der t\u00e4glichen Futtermenge nach Bedarf<br \/> (Siehe Energieangabe). Stets ausreichend Trinkwasser bereitstellen. Bitte k\u00fchl und trocken lagern. Nach Anbruch im K\u00fchlschrank aufbewahren und z\u00fcgig verf\u00fcttern. Den Snack unter Aufsicht f\u00fcttern.<\/p>\n","protected":false},"excerpt":{"rendered":"<p>Die smooth\u2018e Freude f\u00fcr jede Katze! Der cremig vitale Snack mit Lachsfilet, abgerundet mit Blaubeere, Sellerie und Meeresalgen. Als kalorienarme Belohnung oder als Topping f\u00fcr das Hauptfutter. Verpackt in einzelnen Sachets f\u00fcr stets frischen Genuss. Das Lachsfilet stammt aus nachhaltiger Fischerei und ist nat\u00fcrlich MSC zertifiziert. Inhaltsstoffe: 60 % Lachs, pflanzliche Nebenerzeugnisse, Kombu-Algen, Sellerie, Heidelbeere [&hellip;]<\/p>\n","protected":false},"featured_media":27381,"comment_status":"closed","ping_status":"open","template":"","meta":[],"product_cat":[13781],"product_tag":[],"class_list":{"0":"post-44798","1":"product","2":"type-product","3":"status-publish","4":"has-post-thumbnail","6":"product_cat-dokas-cat","8":"first","9":"instock","10":"taxable","11":"shipping-taxable","12":"purchasable","13":"product-type-simple"},"_links":{"self":[{"href":"https:\/\/all-pets.de\/shop\/wp-json\/wp\/v2\/product\/44798","targetHints":{"allow":["GET"]}}],"collection":[{"href":"https:\/\/all-pets.de\/shop\/wp-json\/wp\/v2\/product"}],"about":[{"href":"https:\/\/all-pets.de\/shop\/wp-json\/wp\/v2\/types\/product"}],"replies":[{"embeddable":true,"href":"https:\/\/all-pets.de\/shop\/wp-json\/wp\/v2\/comments?post=44798"}],"wp:featuredmedia":[{"embeddable":true,"href":"https:\/\/all-pets.de\/shop\/wp-json\/wp\/v2\/media\/27381"}],"wp:attachment":[{"href":"https:\/\/all-pets.de\/shop\/wp-json\/wp\/v2\/media?parent=44798"}],"wp:term":[{"taxonomy":"product_cat","embeddable":true,"href":"https:\/\/all-pets.de\/shop\/wp-json\/wp\/v2\/product_cat?post=44798"},{"taxonomy":"product_tag","embeddable":true,"href":"https:\/\/all-pets.de\/shop\/wp-json\/wp\/v2\/product_tag?post=44798"}],"curies":[{"name":"wp","href":"https:\/\/api.w.org\/{rel}","templated":true}]}}