{"id":44799,"date":"2023-12-12T10:46:30","date_gmt":"2023-12-12T09:46:30","guid":{"rendered":"https:\/\/pet-shopping.de\/shop\/produkt\/trixie-cat-activity-solitaer\/"},"modified":"2023-12-12T10:46:30","modified_gmt":"2023-12-12T09:46:30","slug":"trixie-cat-activity-solitaer","status":"publish","type":"product","link":"https:\/\/all-pets.de\/shop\/produkt\/trixie-cat-activity-solitaer\/","title":{"rendered":"Trixie Cat Activity Solit\u00e4r"},"content":{"rendered":"<p>Katzen sind sehr verspielte und wissbegierige Tiere. Sie wollen nicht nur k\u00f6rperlich durch Spiele besch\u00e4ftigt und neu herausgefordert werden, sondern auch geistig.<\/p>\n<p>Das Solit\u00e4r besteht aus einer Kunststoffplatte mit 7 Abdeckkugeln, unter denen kleine Leckerlies versteckt werden. Mit ein bisschen Pfoten-Geschick gelingt es Ihrer Katze, die Kugeln wegzupf\u00f6teln, um an die darunter liegende Belohnung zu gelangen.<\/p>\n<p>Cat Activity-Spiele sind besonders geeignet, Wohnungskatzen eine artgerechte Besch\u00e4ftigung mit viel Spa\u00df und Spannung zu erm\u00f6glichen. Auch \u00e4ltere Tiere sowie Katzen, welche krankheitsbedingt in ihrem Bewegungsumfeld eingeschr\u00e4nkt sind, werden das Solit\u00e4r dankbar annehmen.<\/p>\n<p>Das Solit\u00e4r sollte regelm\u00e4\u00dfig gereinigt werden (sp\u00fclmaschinengeeignet). In dem beiliegenden \u00dcbungsheft erhalten Sie viele Tipps und Tricks, wie Sie das Training f\u00fcr Ihre Katze optimal und mit viel Freude gestalten k\u00f6nnen.<\/p>\n<p>Durchmesser: ca. 20 cm<\/p>\n","protected":false},"excerpt":{"rendered":"<p>Katzen sind sehr verspielte und wissbegierige Tiere. Sie wollen nicht nur k\u00f6rperlich durch Spiele besch\u00e4ftigt und neu herausgefordert werden, sondern auch geistig. Das Solit\u00e4r besteht aus einer Kunststoffplatte mit 7 Abdeckkugeln, unter denen kleine Leckerlies versteckt werden. Mit ein bisschen Pfoten-Geschick gelingt es Ihrer Katze, die Kugeln wegzupf\u00f6teln, um an die darunter liegende Belohnung zu [&hellip;]<\/p>\n","protected":false},"featured_media":34199,"comment_status":"closed","ping_status":"open","template":"","meta":[],"product_cat":[13782],"product_tag":[],"class_list":{"0":"post-44799","1":"product","2":"type-product","3":"status-publish","4":"has-post-thumbnail","6":"product_cat-intelligenz-spielzeug","8":"first","9":"instock","10":"taxable","11":"shipping-taxable","12":"purchasable","13":"product-type-simple"},"_links":{"self":[{"href":"https:\/\/all-pets.de\/shop\/wp-json\/wp\/v2\/product\/44799","targetHints":{"allow":["GET"]}}],"collection":[{"href":"https:\/\/all-pets.de\/shop\/wp-json\/wp\/v2\/product"}],"about":[{"href":"https:\/\/all-pets.de\/shop\/wp-json\/wp\/v2\/types\/product"}],"replies":[{"embeddable":true,"href":"https:\/\/all-pets.de\/shop\/wp-json\/wp\/v2\/comments?post=44799"}],"wp:featuredmedia":[{"embeddable":true,"href":"https:\/\/all-pets.de\/shop\/wp-json\/wp\/v2\/media\/34199"}],"wp:attachment":[{"href":"https:\/\/all-pets.de\/shop\/wp-json\/wp\/v2\/media?parent=44799"}],"wp:term":[{"taxonomy":"product_cat","embeddable":true,"href":"https:\/\/all-pets.de\/shop\/wp-json\/wp\/v2\/product_cat?post=44799"},{"taxonomy":"product_tag","embeddable":true,"href":"https:\/\/all-pets.de\/shop\/wp-json\/wp\/v2\/product_tag?post=44799"}],"curies":[{"name":"wp","href":"https:\/\/api.w.org\/{rel}","templated":true}]}}