{"id":44805,"date":"2023-12-12T10:46:30","date_gmt":"2023-12-12T09:46:30","guid":{"rendered":"https:\/\/pet-shopping.de\/shop\/produkt\/gimcat-yoghurt-fuer-katzen-150g\/"},"modified":"2023-12-12T10:46:31","modified_gmt":"2023-12-12T09:46:31","slug":"gimcat-yoghurt-fuer-katzen-150g","status":"publish","type":"product","link":"https:\/\/all-pets.de\/shop\/produkt\/gimcat-yoghurt-fuer-katzen-150g\/","title":{"rendered":"GimCat Yoghurt f\u00fcr Katzen 150g"},"content":{"rendered":"<div class=\"entry-body\">\n<p>GimCat Yoghurt f\u00fcr Katzen ist eine leckere Zwischenmahlzeit. Dieser milde Yoghurt mit nat\u00fcrlichem Calcium ist laktose-reduziert und daher besonders gut vertr\u00e4glich. Calcium ist besonders wichtig f\u00fcr den Knochenaufbau und ein gesundes Knochenger\u00fcst.<\/p>\n<\/div>\n<ul>\n<li>ohne Farbstoffe<\/li>\n<li>ohne Antioxidationsmittel<\/li>\n<li>Laktosereduziert<\/li>\n<li>ohne Konservierungsstoffe<\/li>\n<li>ohne Geschmacksverst\u00e4rker<\/li>\n<\/ul>\n<div>Zusammensetzung:<\/div>\n<div class=\"accordion-content ui-accordion-content ui-helper-reset ui-widget-content ui-corner-bottom ui-accordion-content-active\" role=\"tabpanel\" style=\"display: block\" id=\"ui-id-4\" aria-labelledby=\"ui-id-3\" aria-hidden=\"false\">\n<p>Milch und Molkereierzeugnisse (Joghurt laktosereduziert 95 %), pflanzliche Nebenerzeugnisse, Zucker<\/p>\n<\/div>\n<p class=\"accordion-content ui-accordion-content ui-helper-reset ui-widget-content ui-corner-bottom ui-accordion-content-active\" role=\"tabpanel\" style=\"display: block\" aria-labelledby=\"ui-id-3\" aria-hidden=\"false\">Analyse:<\/p>\n<table>\n<tbody>\n<tr>\n<th>Proteine<\/th>\n<td>3,0 %<\/td>\n<\/tr>\n<tr>\n<th>Fettgehalt<\/th>\n<td>5,0 %<\/td>\n<\/tr>\n<tr>\n<th>Rohasche<\/th>\n<td>1,0 %<\/td>\n<\/tr>\n<tr>\n<th>Rohfaser<\/th>\n<td>1,0 %<\/td>\n<\/tr>\n<tr>\n<th>Feuchtigkeit<\/th>\n<td>84,0 %<\/td>\n<\/tr>\n<\/tbody>\n<\/table>\n<p class=\"accordion-content ui-accordion-content ui-helper-reset ui-widget-content ui-corner-bottom ui-accordion-content-active\" role=\"tabpanel\" style=\"display: block\" aria-labelledby=\"ui-id-3\" aria-hidden=\"false\">F\u00fctterungsempfehlung:<\/p>\n<div class=\"accordion-content ui-accordion-content ui-helper-reset ui-widget-content ui-corner-bottom ui-accordion-content-active\" role=\"tabpanel\" style=\"display: block\" id=\"ui-id-2\" aria-labelledby=\"ui-id-1\" aria-hidden=\"false\">\n<p>Bei Zimmertemperatur t\u00e4glich 2-3 Teel\u00f6ffel verf\u00fcttern. Beutel wieder verschlie\u00dfen und max. 14 Tage k\u00fchl lagern.<\/p>\n<\/div>\n<p class=\"accordion-content ui-accordion-content ui-helper-reset ui-widget-content ui-corner-bottom ui-accordion-content-active\" role=\"tabpanel\" style=\"display: block\" aria-labelledby=\"ui-id-3\" aria-hidden=\"false\">\n","protected":false},"excerpt":{"rendered":"<p>GimCat Yoghurt f\u00fcr Katzen ist eine leckere Zwischenmahlzeit. Dieser milde Yoghurt mit nat\u00fcrlichem Calcium ist laktose-reduziert und daher besonders gut vertr\u00e4glich. Calcium ist besonders wichtig f\u00fcr den Knochenaufbau und ein gesundes Knochenger\u00fcst. ohne Farbstoffe ohne Antioxidationsmittel Laktosereduziert ohne Konservierungsstoffe ohne Geschmacksverst\u00e4rker Zusammensetzung: Milch und Molkereierzeugnisse (Joghurt laktosereduziert 95 %), pflanzliche Nebenerzeugnisse, Zucker Analyse: Proteine 3,0 [&hellip;]<\/p>\n","protected":false},"featured_media":19145,"comment_status":"closed","ping_status":"open","template":"","meta":[],"product_cat":[13785],"product_tag":[],"class_list":{"0":"post-44805","1":"product","2":"type-product","3":"status-publish","4":"has-post-thumbnail","6":"product_cat-gimcat","8":"first","9":"instock","10":"taxable","11":"shipping-taxable","12":"purchasable","13":"product-type-simple"},"_links":{"self":[{"href":"https:\/\/all-pets.de\/shop\/wp-json\/wp\/v2\/product\/44805","targetHints":{"allow":["GET"]}}],"collection":[{"href":"https:\/\/all-pets.de\/shop\/wp-json\/wp\/v2\/product"}],"about":[{"href":"https:\/\/all-pets.de\/shop\/wp-json\/wp\/v2\/types\/product"}],"replies":[{"embeddable":true,"href":"https:\/\/all-pets.de\/shop\/wp-json\/wp\/v2\/comments?post=44805"}],"wp:featuredmedia":[{"embeddable":true,"href":"https:\/\/all-pets.de\/shop\/wp-json\/wp\/v2\/media\/19145"}],"wp:attachment":[{"href":"https:\/\/all-pets.de\/shop\/wp-json\/wp\/v2\/media?parent=44805"}],"wp:term":[{"taxonomy":"product_cat","embeddable":true,"href":"https:\/\/all-pets.de\/shop\/wp-json\/wp\/v2\/product_cat?post=44805"},{"taxonomy":"product_tag","embeddable":true,"href":"https:\/\/all-pets.de\/shop\/wp-json\/wp\/v2\/product_tag?post=44805"}],"curies":[{"name":"wp","href":"https:\/\/api.w.org\/{rel}","templated":true}]}}