{"id":44814,"date":"2023-12-12T10:46:30","date_gmt":"2023-12-12T09:46:30","guid":{"rendered":"https:\/\/pet-shopping.de\/shop\/produkt\/trixie-schmuck-adressanhaenger-knochen\/"},"modified":"2023-12-12T10:46:31","modified_gmt":"2023-12-12T09:46:31","slug":"trixie-schmuck-adressanhaenger-knochen","status":"publish","type":"product","link":"https:\/\/all-pets.de\/shop\/produkt\/trixie-schmuck-adressanhaenger-knochen\/","title":{"rendered":"Trixie Schmuck-Adressanh\u00e4nger Knochen"},"content":{"rendered":"<p>Der h\u00fcbsche Adressanh\u00e4nger besteht aus Metall und ist auf der R\u00fcckseite mit einem Kugelschreiber oder Permanentmarker beschreibbar. Der Adressanh\u00e4nger hat die Form eines Knochens mit zwei bunten Pfotenabdr\u00fccken auf der Vorderseite. Er ist sowohl praktisch, als auch ein edles Accessoire f\u00fcr Ihren Vierbeiner. <\/p>\n<p>Ma\u00dfe: ca. 35 x 20 mm<\/p>\n<p>Diverse Farben. Eine Farbwahl ist leider nicht m\u00f6glich, da die Farbe je nach Lagerbestand gew\u00e4hlt wird. M\u00f6gliche Farben sind Rot, Pink und Schwarz.<\/p>\n","protected":false},"excerpt":{"rendered":"<p>Der h\u00fcbsche Adressanh\u00e4nger besteht aus Metall und ist auf der R\u00fcckseite mit einem Kugelschreiber oder Permanentmarker beschreibbar. Der Adressanh\u00e4nger hat die Form eines Knochens mit zwei bunten Pfotenabdr\u00fccken auf der Vorderseite. Er ist sowohl praktisch, als auch ein edles Accessoire f\u00fcr Ihren Vierbeiner. Ma\u00dfe: ca. 35 x 20 mm Diverse Farben. Eine Farbwahl ist leider [&hellip;]<\/p>\n","protected":false},"featured_media":20575,"comment_status":"closed","ping_status":"open","template":"","meta":[],"product_cat":[13787],"product_tag":[],"class_list":{"0":"post-44814","1":"product","2":"type-product","3":"status-publish","4":"has-post-thumbnail","6":"product_cat-hundeadressanhaenger-blinker","8":"first","9":"instock","10":"taxable","11":"shipping-taxable","12":"purchasable","13":"product-type-simple"},"_links":{"self":[{"href":"https:\/\/all-pets.de\/shop\/wp-json\/wp\/v2\/product\/44814","targetHints":{"allow":["GET"]}}],"collection":[{"href":"https:\/\/all-pets.de\/shop\/wp-json\/wp\/v2\/product"}],"about":[{"href":"https:\/\/all-pets.de\/shop\/wp-json\/wp\/v2\/types\/product"}],"replies":[{"embeddable":true,"href":"https:\/\/all-pets.de\/shop\/wp-json\/wp\/v2\/comments?post=44814"}],"wp:featuredmedia":[{"embeddable":true,"href":"https:\/\/all-pets.de\/shop\/wp-json\/wp\/v2\/media\/20575"}],"wp:attachment":[{"href":"https:\/\/all-pets.de\/shop\/wp-json\/wp\/v2\/media?parent=44814"}],"wp:term":[{"taxonomy":"product_cat","embeddable":true,"href":"https:\/\/all-pets.de\/shop\/wp-json\/wp\/v2\/product_cat?post=44814"},{"taxonomy":"product_tag","embeddable":true,"href":"https:\/\/all-pets.de\/shop\/wp-json\/wp\/v2\/product_tag?post=44814"}],"curies":[{"name":"wp","href":"https:\/\/api.w.org\/{rel}","templated":true}]}}