{"id":44816,"date":"2023-12-12T10:46:33","date_gmt":"2023-12-12T09:46:33","guid":{"rendered":"https:\/\/pet-shopping.de\/shop\/produkt\/kerbl-reflektierende-leine\/"},"modified":"2023-12-12T10:46:33","modified_gmt":"2023-12-12T09:46:33","slug":"kerbl-reflektierende-leine","status":"publish","type":"product","link":"https:\/\/all-pets.de\/shop\/produkt\/kerbl-reflektierende-leine\/","title":{"rendered":"Kerbl Reflektierende Leine"},"content":{"rendered":"<div>Gerade im Winter, wenn es schon fr\u00fch dunkel wird, ist es wichtig, daf\u00fcr zu sorgen, dass man f\u00fcr Autofahrer so auff\u00e4llig wie m\u00f6glich ist. Ansonsten kommt es schnell zu Unf\u00e4llen, die f\u00fcr Mensch und Tier gef\u00e4hrlich sind! <\/div>\n<div>\u00a0<\/div>\n<div>Mit dieser Leine aus schwarzem Nylongewebe sind Sie und Ihr Liebling abends sicherer unterwegs! Sie ist mit einem Reflektorstreifen versehen, der auf das Nylongewebe aufgen\u00e4ht ist und Sie so f\u00fcr Autofahrer auch aus weiterer Entfernung sofort sichtbar macht. <\/div>\n<div>\u00a0<\/div>\n<div>L\u00e4nge der Leine: 200 cm<\/div>\n<div>Breite: 20 mm<\/div>\n<div>\u00a0<\/div>\n<div>Die Leine ist f\u00fcr Hunde bis zu 48 kg K\u00f6rpergewicht geeignet.<\/div>\n","protected":false},"excerpt":{"rendered":"<p>Gerade im Winter, wenn es schon fr\u00fch dunkel wird, ist es wichtig, daf\u00fcr zu sorgen, dass man f\u00fcr Autofahrer so auff\u00e4llig wie m\u00f6glich ist. Ansonsten kommt es schnell zu Unf\u00e4llen, die f\u00fcr Mensch und Tier gef\u00e4hrlich sind! \u00a0 Mit dieser Leine aus schwarzem Nylongewebe sind Sie und Ihr Liebling abends sicherer unterwegs! Sie ist mit [&hellip;]<\/p>\n","protected":false},"featured_media":25028,"comment_status":"closed","ping_status":"open","template":"","meta":[],"product_cat":[13788],"product_tag":[],"class_list":{"0":"post-44816","1":"product","2":"type-product","3":"status-publish","4":"has-post-thumbnail","6":"product_cat-nylonleinen","8":"first","9":"instock","10":"taxable","11":"shipping-taxable","12":"purchasable","13":"product-type-simple"},"_links":{"self":[{"href":"https:\/\/all-pets.de\/shop\/wp-json\/wp\/v2\/product\/44816","targetHints":{"allow":["GET"]}}],"collection":[{"href":"https:\/\/all-pets.de\/shop\/wp-json\/wp\/v2\/product"}],"about":[{"href":"https:\/\/all-pets.de\/shop\/wp-json\/wp\/v2\/types\/product"}],"replies":[{"embeddable":true,"href":"https:\/\/all-pets.de\/shop\/wp-json\/wp\/v2\/comments?post=44816"}],"wp:featuredmedia":[{"embeddable":true,"href":"https:\/\/all-pets.de\/shop\/wp-json\/wp\/v2\/media\/25028"}],"wp:attachment":[{"href":"https:\/\/all-pets.de\/shop\/wp-json\/wp\/v2\/media?parent=44816"}],"wp:term":[{"taxonomy":"product_cat","embeddable":true,"href":"https:\/\/all-pets.de\/shop\/wp-json\/wp\/v2\/product_cat?post=44816"},{"taxonomy":"product_tag","embeddable":true,"href":"https:\/\/all-pets.de\/shop\/wp-json\/wp\/v2\/product_tag?post=44816"}],"curies":[{"name":"wp","href":"https:\/\/api.w.org\/{rel}","templated":true}]}}