{"id":44829,"date":"2023-12-12T10:46:33","date_gmt":"2023-12-12T09:46:33","guid":{"rendered":"https:\/\/pet-shopping.de\/shop\/produkt\/karlie-rondo-halsband-mit-zugentlastung-natur-70-cm\/"},"modified":"2023-12-12T10:46:35","modified_gmt":"2023-12-12T09:46:35","slug":"karlie-rondo-halsband-mit-zugentlastung-natur-70-cm","status":"publish","type":"product","link":"https:\/\/all-pets.de\/shop\/produkt\/karlie-rondo-halsband-mit-zugentlastung-natur-70-cm\/","title":{"rendered":"Karlie RONDO Halsband mit Zugentlastung &#8211; Natur, 70 cm"},"content":{"rendered":"<div class=\"container-fluid readmore\" style=\"max-height: none  height: 591px\" data-readmore=\"\" aria-expanded=\"true\" id=\"rmjs-1\">\n<div class=\"row\">\n<div class=\"col-md-12 col-sm-12 col-xs-12 column\">\n<div class=\"ge-content ge-content-type-tinymce\" data-ge-content-type=\"tinymce\">\n<p><strong>Lederhalsband Rondo mit Zugentlastung<br \/> Farbe: Natur<br \/> Gesamtl\u00e4nge \/ Breite: 70 cm \/ 40 mm<br \/> <\/strong><\/p>\n<p>Die Rondo Serie von Karlie umfasst eine gro\u00dfe Vielfalt an Halsb\u00e4ndern, Leinen und Geschirren. Sie sind mit oder ohne Ziernieten erh\u00e4ltlich, manche verf\u00fcgen \u00fcber Motive, andere werden geflochten.\u00a0<\/p>\n<p>Bei dieser Reihe stehen der Tragekomfort f\u00fcr den Hund sowie die Alltagstauglichkeit der Artikel im Vordergrund. Ausgangsmaterial dieser Linie ist Vollrindleder, welches in verschiedenen Farben eingef\u00e4rbt und dann weiterverarbeitet wird.<\/p>\n<p>Es gilt als sehr robust und widerstandsf\u00e4hig, hat einen hohen Fettanteil und verf\u00fcgt dadurch \u00fcber eine sehr griffige Oberfl\u00e4che. Vollrindleder ist leicht zu reinigen und sehr einfach zu pflegen. Gerade im t\u00e4glichen Umgang mit Hunden \u00fcberzeugt es durch seine Vielseitigkeit. Einige Artikel der Rondo Reihe werden zus\u00e4tzlich mit weichem Nappaleder unterlegt.\u00a0<\/p>\n<p>Sowohl Halsb\u00e4nder als auch Leinen erhalten dadurch eine sehr angenehme Geschmeidigkeit, die sich nicht nur f\u00fcr den Halter positiv bemerkbar macht. Allen gemein ist die sorgf\u00e4ltige Verarbeitung der sehr hochwertigen Materialien. S\u00e4mtliche Artikel dieses Sortiments werden in Deutschland hergestellt und sind besonders langlebig.<\/p>\n<ul>\n<li>Vollleder\u00a0<\/li>\n<li>genietet\u00a0<\/li>\n<li>mit Zierrille\u00a0<\/li>\n<li>mit Zugentlastung\u00a0<\/li>\n<li>verchromte Beschl\u00e4ge<\/li>\n<\/ul>\n<div><strong><em>Hinweis<\/em><\/strong>: Die naturfarbenen Artikel dieses Sortiments dunkeln unter der t\u00e4glichen Lichteinwirkung mit der Zeit nach. Dies wirkt sich nicht nachteilig auf die Qualit\u00e4t des Leders aus und ist lediglich eine Reaktion des Naturprodukts.<\/div>\n<\/div>\n<\/div>\n<\/div>\n<\/div>\n","protected":false},"excerpt":{"rendered":"<p>Lederhalsband Rondo mit Zugentlastung Farbe: Natur Gesamtl\u00e4nge \/ Breite: 70 cm \/ 40 mm Die Rondo Serie von Karlie umfasst eine gro\u00dfe Vielfalt an Halsb\u00e4ndern, Leinen und Geschirren. Sie sind mit oder ohne Ziernieten erh\u00e4ltlich, manche verf\u00fcgen \u00fcber Motive, andere werden geflochten.\u00a0 Bei dieser Reihe stehen der Tragekomfort f\u00fcr den Hund sowie die Alltagstauglichkeit der [&hellip;]<\/p>\n","protected":false},"featured_media":19441,"comment_status":"closed","ping_status":"open","template":"","meta":[],"product_cat":[13790],"product_tag":[],"class_list":{"0":"post-44829","1":"product","2":"type-product","3":"status-publish","4":"has-post-thumbnail","6":"product_cat-lederhalsbaender","8":"first","9":"instock","10":"taxable","11":"shipping-taxable","12":"purchasable","13":"product-type-simple"},"_links":{"self":[{"href":"https:\/\/all-pets.de\/shop\/wp-json\/wp\/v2\/product\/44829","targetHints":{"allow":["GET"]}}],"collection":[{"href":"https:\/\/all-pets.de\/shop\/wp-json\/wp\/v2\/product"}],"about":[{"href":"https:\/\/all-pets.de\/shop\/wp-json\/wp\/v2\/types\/product"}],"replies":[{"embeddable":true,"href":"https:\/\/all-pets.de\/shop\/wp-json\/wp\/v2\/comments?post=44829"}],"wp:featuredmedia":[{"embeddable":true,"href":"https:\/\/all-pets.de\/shop\/wp-json\/wp\/v2\/media\/19441"}],"wp:attachment":[{"href":"https:\/\/all-pets.de\/shop\/wp-json\/wp\/v2\/media?parent=44829"}],"wp:term":[{"taxonomy":"product_cat","embeddable":true,"href":"https:\/\/all-pets.de\/shop\/wp-json\/wp\/v2\/product_cat?post=44829"},{"taxonomy":"product_tag","embeddable":true,"href":"https:\/\/all-pets.de\/shop\/wp-json\/wp\/v2\/product_tag?post=44829"}],"curies":[{"name":"wp","href":"https:\/\/api.w.org\/{rel}","templated":true}]}}