{"id":44838,"date":"2023-12-12T10:46:33","date_gmt":"2023-12-12T09:46:33","guid":{"rendered":"https:\/\/pet-shopping.de\/shop\/produkt\/trixie-iglu-mit-kuehlplatte-13-x-9-x-15-cm\/"},"modified":"2023-12-12T10:46:36","modified_gmt":"2023-12-12T09:46:36","slug":"trixie-iglu-mit-kuehlplatte-13-x-9-x-15-cm","status":"publish","type":"product","link":"https:\/\/all-pets.de\/shop\/produkt\/trixie-iglu-mit-kuehlplatte-13-x-9-x-15-cm\/","title":{"rendered":"Trixie Iglu mit K\u00fchlplatte &#8211; 13 \u00d7 9 \u00d7 15 cm"},"content":{"rendered":"<ul>\n<li>unterst\u00fctzt die Regulierung der K\u00f6rpertemperatur<\/li>\n<li>f\u00fcr zus\u00e4tzliche Abk\u00fchlung vor Gebrauch in den K\u00fchlschrank legen<\/li>\n<li>herausnehmbare Bodenplatte<\/li>\n<li>Keramik, Bodenplatte lackiert<\/li>\n<li>tierschutzkonform nach \u00a7 18 (AT)<\/li>\n<li>Ma\u00dfe: ca. 13 \u00d7 9 \u00d7 15 cm<\/li>\n<li>geeignet z.B. f\u00fcr M\u00e4use, Hamster<\/li>\n<\/ul>\n","protected":false},"excerpt":{"rendered":"<p>unterst\u00fctzt die Regulierung der K\u00f6rpertemperatur f\u00fcr zus\u00e4tzliche Abk\u00fchlung vor Gebrauch in den K\u00fchlschrank legen herausnehmbare Bodenplatte Keramik, Bodenplatte lackiert tierschutzkonform nach \u00a7 18 (AT) Ma\u00dfe: ca. 13 \u00d7 9 \u00d7 15 cm geeignet z.B. f\u00fcr M\u00e4use, Hamster<\/p>\n","protected":false},"featured_media":44839,"comment_status":"closed","ping_status":"open","template":"","meta":[],"product_cat":[13746],"product_tag":[],"class_list":{"0":"post-44838","1":"product","2":"type-product","3":"status-publish","4":"has-post-thumbnail","6":"product_cat-weitere-haeuser","8":"first","9":"instock","10":"taxable","11":"shipping-taxable","12":"purchasable","13":"product-type-simple"},"_links":{"self":[{"href":"https:\/\/all-pets.de\/shop\/wp-json\/wp\/v2\/product\/44838","targetHints":{"allow":["GET"]}}],"collection":[{"href":"https:\/\/all-pets.de\/shop\/wp-json\/wp\/v2\/product"}],"about":[{"href":"https:\/\/all-pets.de\/shop\/wp-json\/wp\/v2\/types\/product"}],"replies":[{"embeddable":true,"href":"https:\/\/all-pets.de\/shop\/wp-json\/wp\/v2\/comments?post=44838"}],"wp:featuredmedia":[{"embeddable":true,"href":"https:\/\/all-pets.de\/shop\/wp-json\/wp\/v2\/media\/44839"}],"wp:attachment":[{"href":"https:\/\/all-pets.de\/shop\/wp-json\/wp\/v2\/media?parent=44838"}],"wp:term":[{"taxonomy":"product_cat","embeddable":true,"href":"https:\/\/all-pets.de\/shop\/wp-json\/wp\/v2\/product_cat?post=44838"},{"taxonomy":"product_tag","embeddable":true,"href":"https:\/\/all-pets.de\/shop\/wp-json\/wp\/v2\/product_tag?post=44838"}],"curies":[{"name":"wp","href":"https:\/\/api.w.org\/{rel}","templated":true}]}}