{"id":44852,"date":"2023-12-12T10:46:39","date_gmt":"2023-12-12T09:46:39","guid":{"rendered":"https:\/\/pet-shopping.de\/shop\/produkt\/trixie-activity-strategie-spiel-slide-fun-board\/"},"modified":"2023-12-12T10:46:40","modified_gmt":"2023-12-12T09:46:40","slug":"trixie-activity-strategie-spiel-slide-fun-board","status":"publish","type":"product","link":"https:\/\/all-pets.de\/shop\/produkt\/trixie-activity-strategie-spiel-slide-fun-board\/","title":{"rendered":"Trixie Activity Strategie-Spiel Slide &#038; Fun Board"},"content":{"rendered":"<div class=\"mb-3 row\">\n<div class=\"col\">\n<ul>\n<li>\n<ul>\n<ul>\n<li>Brettspiel mit 3 Deckeln sowie Vertiefungen und Schiebedeckeln<\/li>\n<li>durch verschiedene \u00d6ffnungstechniken gelangt das Tier an seine Belohnung<\/li>\n<li>artgerechte Besch\u00e4ftigung und geistige Herausforderung<\/li>\n<li>rutschfest durch Gummiring<\/li>\n<li>Kunststoff<\/li>\n<li>inkl. Trainingsanleitung<\/li>\n<li>sp\u00fclmaschinengeeignet<\/li>\n<li>Ma\u00dfe: ca. \u00f8 23 cm<\/li>\n<li>geeignet z.B. f\u00fcr Kaninchen und Meerschweinchen<\/li>\n<\/ul>\n<li>Nur zeitlich begrenzt unter Aufsicht anbieten. Nach der F\u00fctterung wieder herausnehmen. <\/li>\n<\/ul>\n<\/li>\n<\/ul>\n<\/div>\n<\/div>\n","protected":false},"excerpt":{"rendered":"<p>Brettspiel mit 3 Deckeln sowie Vertiefungen und Schiebedeckeln durch verschiedene \u00d6ffnungstechniken gelangt das Tier an seine Belohnung artgerechte Besch\u00e4ftigung und geistige Herausforderung rutschfest durch Gummiring Kunststoff inkl. Trainingsanleitung sp\u00fclmaschinengeeignet Ma\u00dfe: ca. \u00f8 23 cm geeignet z.B. f\u00fcr Kaninchen und Meerschweinchen Nur zeitlich begrenzt unter Aufsicht anbieten. Nach der F\u00fctterung wieder herausnehmen.<\/p>\n","protected":false},"featured_media":44853,"comment_status":"closed","ping_status":"open","template":"","meta":[],"product_cat":[13745],"product_tag":[],"class_list":{"0":"post-44852","1":"product","2":"type-product","3":"status-publish","4":"has-post-thumbnail","6":"product_cat-spiel-sport","8":"first","9":"instock","10":"taxable","11":"shipping-taxable","12":"purchasable","13":"product-type-simple"},"_links":{"self":[{"href":"https:\/\/all-pets.de\/shop\/wp-json\/wp\/v2\/product\/44852","targetHints":{"allow":["GET"]}}],"collection":[{"href":"https:\/\/all-pets.de\/shop\/wp-json\/wp\/v2\/product"}],"about":[{"href":"https:\/\/all-pets.de\/shop\/wp-json\/wp\/v2\/types\/product"}],"replies":[{"embeddable":true,"href":"https:\/\/all-pets.de\/shop\/wp-json\/wp\/v2\/comments?post=44852"}],"wp:featuredmedia":[{"embeddable":true,"href":"https:\/\/all-pets.de\/shop\/wp-json\/wp\/v2\/media\/44853"}],"wp:attachment":[{"href":"https:\/\/all-pets.de\/shop\/wp-json\/wp\/v2\/media?parent=44852"}],"wp:term":[{"taxonomy":"product_cat","embeddable":true,"href":"https:\/\/all-pets.de\/shop\/wp-json\/wp\/v2\/product_cat?post=44852"},{"taxonomy":"product_tag","embeddable":true,"href":"https:\/\/all-pets.de\/shop\/wp-json\/wp\/v2\/product_tag?post=44852"}],"curies":[{"name":"wp","href":"https:\/\/api.w.org\/{rel}","templated":true}]}}