{"id":44865,"date":"2023-12-12T10:46:39","date_gmt":"2023-12-12T09:46:39","guid":{"rendered":"https:\/\/pet-shopping.de\/shop\/produkt\/trixie-crunch-plueschtunnel-60-cm-grau\/"},"modified":"2023-12-12T10:46:42","modified_gmt":"2023-12-12T09:46:42","slug":"trixie-crunch-plueschtunnel-60-cm-grau","status":"publish","type":"product","link":"https:\/\/all-pets.de\/shop\/produkt\/trixie-crunch-plueschtunnel-60-cm-grau\/","title":{"rendered":"Trixie Crunch Pl\u00fcschtunnel, 60 cm &#8211; Grau"},"content":{"rendered":"<p>Der Spieltunnel aus weichem Pl\u00fcsch (Polyester) bietet Ihrer Katze oder auch Ihrem Welpen einen idealen Platz zum Zur\u00fcckziehen und Entspannen. Gleichzeitig regt er durch die eingen\u00e4hte Raschelfolie zum Spielen an.<\/p>\n<p>Ma\u00dfe: ca. 22 x 60 cm (Durchmesser x L\u00e4nge)<br \/> Farbe: Grau<\/p>\n","protected":false},"excerpt":{"rendered":"<p>Der Spieltunnel aus weichem Pl\u00fcsch (Polyester) bietet Ihrer Katze oder auch Ihrem Welpen einen idealen Platz zum Zur\u00fcckziehen und Entspannen. Gleichzeitig regt er durch die eingen\u00e4hte Raschelfolie zum Spielen an. Ma\u00dfe: ca. 22 x 60 cm (Durchmesser x L\u00e4nge) Farbe: Grau<\/p>\n","protected":false},"featured_media":44866,"comment_status":"closed","ping_status":"open","template":"","meta":[],"product_cat":[13802],"product_tag":[],"class_list":{"0":"post-44865","1":"product","2":"type-product","3":"status-publish","4":"has-post-thumbnail","6":"product_cat-katzentunnel-raschelsaecke","8":"first","9":"instock","10":"taxable","11":"shipping-taxable","12":"purchasable","13":"product-type-simple"},"_links":{"self":[{"href":"https:\/\/all-pets.de\/shop\/wp-json\/wp\/v2\/product\/44865","targetHints":{"allow":["GET"]}}],"collection":[{"href":"https:\/\/all-pets.de\/shop\/wp-json\/wp\/v2\/product"}],"about":[{"href":"https:\/\/all-pets.de\/shop\/wp-json\/wp\/v2\/types\/product"}],"replies":[{"embeddable":true,"href":"https:\/\/all-pets.de\/shop\/wp-json\/wp\/v2\/comments?post=44865"}],"wp:featuredmedia":[{"embeddable":true,"href":"https:\/\/all-pets.de\/shop\/wp-json\/wp\/v2\/media\/44866"}],"wp:attachment":[{"href":"https:\/\/all-pets.de\/shop\/wp-json\/wp\/v2\/media?parent=44865"}],"wp:term":[{"taxonomy":"product_cat","embeddable":true,"href":"https:\/\/all-pets.de\/shop\/wp-json\/wp\/v2\/product_cat?post=44865"},{"taxonomy":"product_tag","embeddable":true,"href":"https:\/\/all-pets.de\/shop\/wp-json\/wp\/v2\/product_tag?post=44865"}],"curies":[{"name":"wp","href":"https:\/\/api.w.org\/{rel}","templated":true}]}}