{"id":44871,"date":"2023-12-12T10:46:39","date_gmt":"2023-12-12T09:46:39","guid":{"rendered":"https:\/\/pet-shopping.de\/shop\/produkt\/trixie-turning-feather-katzenspielzeug\/"},"modified":"2023-12-12T10:46:43","modified_gmt":"2023-12-12T09:46:43","slug":"trixie-turning-feather-katzenspielzeug","status":"publish","type":"product","link":"https:\/\/all-pets.de\/shop\/produkt\/trixie-turning-feather-katzenspielzeug\/","title":{"rendered":"Trixie Turning Feather Katzenspielzeug"},"content":{"rendered":"<div class=\"mb-3 row\">\n<div class=\"col\">\n<ul>\n<li>\n<ul>\n<ul>\n<li>Feder im Inneren wirbelt herum, stoppt und wechselt unregelm\u00e4\u00dfig die Richtung<\/li>\n<li>kann mit kleinen Leckerlis bef\u00fcllt werden<\/li>\n<li>Abschaltautomatik nach ca. 15 Minuten<\/li>\n<li>rutschfest durch Gummif\u00fc\u00dfe<\/li>\n<li>batteriebetrieben (3 AA-Mignon-Batterien nicht enthalten)<\/li>\n<li>Kunststoff<\/li>\n<li>Ma\u00dfe: ca. 22 cm<\/li>\n<li>Farbe: grau<\/li>\n<\/ul>\n<\/ul>\n<\/li>\n<\/ul>\n<\/div>\n<\/div>\n","protected":false},"excerpt":{"rendered":"<p>Feder im Inneren wirbelt herum, stoppt und wechselt unregelm\u00e4\u00dfig die Richtung kann mit kleinen Leckerlis bef\u00fcllt werden Abschaltautomatik nach ca. 15 Minuten rutschfest durch Gummif\u00fc\u00dfe batteriebetrieben (3 AA-Mignon-Batterien nicht enthalten) Kunststoff Ma\u00dfe: ca. 22 cm Farbe: grau<\/p>\n","protected":false},"featured_media":44872,"comment_status":"closed","ping_status":"open","template":"","meta":[],"product_cat":[13772],"product_tag":[],"class_list":{"0":"post-44871","1":"product","2":"type-product","3":"status-publish","4":"has-post-thumbnail","6":"product_cat-weitere-spielzeuge-katzenspielzeug","8":"first","9":"instock","10":"taxable","11":"shipping-taxable","12":"purchasable","13":"product-type-simple"},"_links":{"self":[{"href":"https:\/\/all-pets.de\/shop\/wp-json\/wp\/v2\/product\/44871","targetHints":{"allow":["GET"]}}],"collection":[{"href":"https:\/\/all-pets.de\/shop\/wp-json\/wp\/v2\/product"}],"about":[{"href":"https:\/\/all-pets.de\/shop\/wp-json\/wp\/v2\/types\/product"}],"replies":[{"embeddable":true,"href":"https:\/\/all-pets.de\/shop\/wp-json\/wp\/v2\/comments?post=44871"}],"wp:featuredmedia":[{"embeddable":true,"href":"https:\/\/all-pets.de\/shop\/wp-json\/wp\/v2\/media\/44872"}],"wp:attachment":[{"href":"https:\/\/all-pets.de\/shop\/wp-json\/wp\/v2\/media?parent=44871"}],"wp:term":[{"taxonomy":"product_cat","embeddable":true,"href":"https:\/\/all-pets.de\/shop\/wp-json\/wp\/v2\/product_cat?post=44871"},{"taxonomy":"product_tag","embeddable":true,"href":"https:\/\/all-pets.de\/shop\/wp-json\/wp\/v2\/product_tag?post=44871"}],"curies":[{"name":"wp","href":"https:\/\/api.w.org\/{rel}","templated":true}]}}