{"id":44893,"date":"2023-12-12T10:46:47","date_gmt":"2023-12-12T09:46:47","guid":{"rendered":"https:\/\/pet-shopping.de\/shop\/produkt\/trixie-vogelspielzeug-rattanbaelle\/"},"modified":"2023-12-12T10:46:48","modified_gmt":"2023-12-12T09:46:48","slug":"trixie-vogelspielzeug-rattanbaelle","status":"publish","type":"product","link":"https:\/\/all-pets.de\/shop\/produkt\/trixie-vogelspielzeug-rattanbaelle\/","title":{"rendered":"Trixie Vogelspielzeug Rattanb\u00e4lle"},"content":{"rendered":"<div class=\"mb-3 row\">\n<div class=\"col\">\n<ul>\n<li>\n<ul>\n<ul>\n<li>mit geschlossener Glocke und Holzhaken<\/li>\n<li>entwickelt in Zusammenarbeit mit dem Weltvogelpark Walsrode<\/li>\n<li>L\u00e4nge: ca. 24 cm<\/li>\n<li>geeignet z.B. f\u00fcr Gro\u00dfsittiche, Wellensittiche<\/li>\n<\/ul>\n<\/ul>\n<\/li>\n<\/ul>\n<\/div>\n<\/div>\n","protected":false},"excerpt":{"rendered":"<p>mit geschlossener Glocke und Holzhaken entwickelt in Zusammenarbeit mit dem Weltvogelpark Walsrode L\u00e4nge: ca. 24 cm geeignet z.B. f\u00fcr Gro\u00dfsittiche, Wellensittiche<\/p>\n","protected":false},"featured_media":44894,"comment_status":"closed","ping_status":"open","template":"","meta":[],"product_cat":[13692],"product_tag":[],"class_list":{"0":"post-44893","1":"product","2":"type-product","3":"status-publish","4":"has-post-thumbnail","6":"product_cat-spielzeug","8":"first","9":"instock","10":"taxable","11":"shipping-taxable","12":"purchasable","13":"product-type-simple"},"_links":{"self":[{"href":"https:\/\/all-pets.de\/shop\/wp-json\/wp\/v2\/product\/44893","targetHints":{"allow":["GET"]}}],"collection":[{"href":"https:\/\/all-pets.de\/shop\/wp-json\/wp\/v2\/product"}],"about":[{"href":"https:\/\/all-pets.de\/shop\/wp-json\/wp\/v2\/types\/product"}],"replies":[{"embeddable":true,"href":"https:\/\/all-pets.de\/shop\/wp-json\/wp\/v2\/comments?post=44893"}],"wp:featuredmedia":[{"embeddable":true,"href":"https:\/\/all-pets.de\/shop\/wp-json\/wp\/v2\/media\/44894"}],"wp:attachment":[{"href":"https:\/\/all-pets.de\/shop\/wp-json\/wp\/v2\/media?parent=44893"}],"wp:term":[{"taxonomy":"product_cat","embeddable":true,"href":"https:\/\/all-pets.de\/shop\/wp-json\/wp\/v2\/product_cat?post=44893"},{"taxonomy":"product_tag","embeddable":true,"href":"https:\/\/all-pets.de\/shop\/wp-json\/wp\/v2\/product_tag?post=44893"}],"curies":[{"name":"wp","href":"https:\/\/api.w.org\/{rel}","templated":true}]}}