{"id":44904,"date":"2023-12-12T10:46:47","date_gmt":"2023-12-12T09:46:47","guid":{"rendered":"https:\/\/pet-shopping.de\/shop\/produkt\/trixie-doppelter-tau-ring\/"},"modified":"2023-12-12T10:46:50","modified_gmt":"2023-12-12T09:46:50","slug":"trixie-doppelter-tau-ring","status":"publish","type":"product","link":"https:\/\/all-pets.de\/shop\/produkt\/trixie-doppelter-tau-ring\/","title":{"rendered":"Trixie Doppelter Tau-Ring"},"content":{"rendered":"<div class=\"mb-3 row\">\n<div class=\"col\">\n<ul>\n<li>\n<ul>\n<ul>\n<li>Baumwolle<\/li>\n<li>entwickelt in Zusammenarbeit mit dem Weltvogelpark Walsrode<\/li>\n<li>geeignet z.B. f\u00fcr Gro\u00dfsittiche, Wellensittiche<\/li>\n<li>Ma\u00dfe: ca. \u00f8 16 cm<\/li>\n<\/ul>\n<\/ul>\n<\/li>\n<\/ul>\n<\/div>\n<\/div>\n","protected":false},"excerpt":{"rendered":"<p>Baumwolle entwickelt in Zusammenarbeit mit dem Weltvogelpark Walsrode geeignet z.B. f\u00fcr Gro\u00dfsittiche, Wellensittiche Ma\u00dfe: ca. \u00f8 16 cm<\/p>\n","protected":false},"featured_media":44905,"comment_status":"closed","ping_status":"open","template":"","meta":[],"product_cat":[13807],"product_tag":[],"class_list":{"0":"post-44904","1":"product","2":"type-product","3":"status-publish","4":"has-post-thumbnail","6":"product_cat-spielzeug-ausstattung-zubehoer-vogelschaukelnvogelwelt-ausstattung-zubehoer-vogelwelt","8":"first","9":"instock","10":"taxable","11":"shipping-taxable","12":"purchasable","13":"product-type-simple"},"_links":{"self":[{"href":"https:\/\/all-pets.de\/shop\/wp-json\/wp\/v2\/product\/44904","targetHints":{"allow":["GET"]}}],"collection":[{"href":"https:\/\/all-pets.de\/shop\/wp-json\/wp\/v2\/product"}],"about":[{"href":"https:\/\/all-pets.de\/shop\/wp-json\/wp\/v2\/types\/product"}],"replies":[{"embeddable":true,"href":"https:\/\/all-pets.de\/shop\/wp-json\/wp\/v2\/comments?post=44904"}],"wp:featuredmedia":[{"embeddable":true,"href":"https:\/\/all-pets.de\/shop\/wp-json\/wp\/v2\/media\/44905"}],"wp:attachment":[{"href":"https:\/\/all-pets.de\/shop\/wp-json\/wp\/v2\/media?parent=44904"}],"wp:term":[{"taxonomy":"product_cat","embeddable":true,"href":"https:\/\/all-pets.de\/shop\/wp-json\/wp\/v2\/product_cat?post=44904"},{"taxonomy":"product_tag","embeddable":true,"href":"https:\/\/all-pets.de\/shop\/wp-json\/wp\/v2\/product_tag?post=44904"}],"curies":[{"name":"wp","href":"https:\/\/api.w.org\/{rel}","templated":true}]}}