{"id":44908,"date":"2023-12-12T10:46:47","date_gmt":"2023-12-12T09:46:47","guid":{"rendered":"https:\/\/pet-shopping.de\/shop\/produkt\/trixie-plueschball-mit-baendern\/"},"modified":"2023-12-12T10:46:50","modified_gmt":"2023-12-12T09:46:50","slug":"trixie-plueschball-mit-baendern","status":"publish","type":"product","link":"https:\/\/all-pets.de\/shop\/produkt\/trixie-plueschball-mit-baendern\/","title":{"rendered":"Trixie Pl\u00fcschball mit B\u00e4ndern"},"content":{"rendered":"<p>Der Pl\u00fcschball mit B\u00e4ndern ist mit einer Schelle und Catnip-Duft best\u00fcckt und eignet sich toll zum Jagen und Spielen.<\/p>\n<p>Gr\u00f6\u00dfe: ca. 4 cm<br \/> 1 St\u00fcck<\/p>\n<p>Diverse Farben. Eine Farbwahl ist leider nicht m\u00f6glich, da die Farbe je nach Lagerbestand gew\u00e4hlt wird. <\/p>\n","protected":false},"excerpt":{"rendered":"<p>Der Pl\u00fcschball mit B\u00e4ndern ist mit einer Schelle und Catnip-Duft best\u00fcckt und eignet sich toll zum Jagen und Spielen. Gr\u00f6\u00dfe: ca. 4 cm 1 St\u00fcck Diverse Farben. Eine Farbwahl ist leider nicht m\u00f6glich, da die Farbe je nach Lagerbestand gew\u00e4hlt wird.<\/p>\n","protected":false},"featured_media":33972,"comment_status":"closed","ping_status":"open","template":"","meta":[],"product_cat":[13808],"product_tag":[],"class_list":{"0":"post-44908","1":"product","2":"type-product","3":"status-publish","4":"has-post-thumbnail","6":"product_cat-katzenbaelle","8":"first","9":"instock","10":"taxable","11":"shipping-taxable","12":"purchasable","13":"product-type-simple"},"_links":{"self":[{"href":"https:\/\/all-pets.de\/shop\/wp-json\/wp\/v2\/product\/44908","targetHints":{"allow":["GET"]}}],"collection":[{"href":"https:\/\/all-pets.de\/shop\/wp-json\/wp\/v2\/product"}],"about":[{"href":"https:\/\/all-pets.de\/shop\/wp-json\/wp\/v2\/types\/product"}],"replies":[{"embeddable":true,"href":"https:\/\/all-pets.de\/shop\/wp-json\/wp\/v2\/comments?post=44908"}],"wp:featuredmedia":[{"embeddable":true,"href":"https:\/\/all-pets.de\/shop\/wp-json\/wp\/v2\/media\/33972"}],"wp:attachment":[{"href":"https:\/\/all-pets.de\/shop\/wp-json\/wp\/v2\/media?parent=44908"}],"wp:term":[{"taxonomy":"product_cat","embeddable":true,"href":"https:\/\/all-pets.de\/shop\/wp-json\/wp\/v2\/product_cat?post=44908"},{"taxonomy":"product_tag","embeddable":true,"href":"https:\/\/all-pets.de\/shop\/wp-json\/wp\/v2\/product_tag?post=44908"}],"curies":[{"name":"wp","href":"https:\/\/api.w.org\/{rel}","templated":true}]}}