{"id":44917,"date":"2023-12-12T10:46:47","date_gmt":"2023-12-12T09:46:47","guid":{"rendered":"https:\/\/pet-shopping.de\/shop\/produkt\/karlie-buffalo-rund-leine-braun-100cm-8mm\/"},"modified":"2023-12-12T10:46:52","modified_gmt":"2023-12-12T09:46:52","slug":"karlie-buffalo-rund-leine-braun-100cm-8mm","status":"publish","type":"product","link":"https:\/\/all-pets.de\/shop\/produkt\/karlie-buffalo-rund-leine-braun-100cm-8mm\/","title":{"rendered":"Karlie Buffalo Rund Leine -Braun, 100cm, 8mm"},"content":{"rendered":"<p>Das Ausgangsmaterial f\u00fcr die Buffalo Leine wie auch f\u00fcr alleLederprodukte der Buffalo Reihe ist Kalbsleder, das qualitativ sehrhochwertig ist und w\u00e4hrend der Vorbereitung wasserabweisend impr\u00e4gniertwird. Das Leder zeichnet sich durch eine sehr weiche Oberfl\u00e4che aus, die oft auch als samtig beschrieben wird und eine angenehmeOberfl\u00e4chenhaptik gew\u00e4hrleistet. Durch die einzelnen Produktionsschritte des Riegelns und Abn\u00e4hens entsteht ein wertiges, formbest\u00e4ndigesQualit\u00e4tsprodukt, dass durch seine rundgearbeitete Form angenehm in derHand liegt. Die Leine ist sehr langlebig und verliert ihre robusteEigenschaft auch \u00fcber Jahre hinweg nicht.<\/p>\n<p>Farbe: Braun<br \/>L\u00e4nge: ca. 100 cm<br \/>Breite: ca. 8 mm<\/p>\n","protected":false},"excerpt":{"rendered":"<p>Das Ausgangsmaterial f\u00fcr die Buffalo Leine wie auch f\u00fcr alleLederprodukte der Buffalo Reihe ist Kalbsleder, das qualitativ sehrhochwertig ist und w\u00e4hrend der Vorbereitung wasserabweisend impr\u00e4gniertwird. Das Leder zeichnet sich durch eine sehr weiche Oberfl\u00e4che aus, die oft auch als samtig beschrieben wird und eine angenehmeOberfl\u00e4chenhaptik gew\u00e4hrleistet. Durch die einzelnen Produktionsschritte des Riegelns und Abn\u00e4hens entsteht [&hellip;]<\/p>\n","protected":false},"featured_media":44918,"comment_status":"closed","ping_status":"open","template":"","meta":[],"product_cat":[13749],"product_tag":[],"class_list":{"0":"post-44917","1":"product","2":"type-product","3":"status-publish","4":"has-post-thumbnail","6":"product_cat-lederleinen","8":"first","9":"instock","10":"taxable","11":"shipping-taxable","12":"purchasable","13":"product-type-simple"},"_links":{"self":[{"href":"https:\/\/all-pets.de\/shop\/wp-json\/wp\/v2\/product\/44917","targetHints":{"allow":["GET"]}}],"collection":[{"href":"https:\/\/all-pets.de\/shop\/wp-json\/wp\/v2\/product"}],"about":[{"href":"https:\/\/all-pets.de\/shop\/wp-json\/wp\/v2\/types\/product"}],"replies":[{"embeddable":true,"href":"https:\/\/all-pets.de\/shop\/wp-json\/wp\/v2\/comments?post=44917"}],"wp:featuredmedia":[{"embeddable":true,"href":"https:\/\/all-pets.de\/shop\/wp-json\/wp\/v2\/media\/44918"}],"wp:attachment":[{"href":"https:\/\/all-pets.de\/shop\/wp-json\/wp\/v2\/media?parent=44917"}],"wp:term":[{"taxonomy":"product_cat","embeddable":true,"href":"https:\/\/all-pets.de\/shop\/wp-json\/wp\/v2\/product_cat?post=44917"},{"taxonomy":"product_tag","embeddable":true,"href":"https:\/\/all-pets.de\/shop\/wp-json\/wp\/v2\/product_tag?post=44917"}],"curies":[{"name":"wp","href":"https:\/\/api.w.org\/{rel}","templated":true}]}}