{"id":44923,"date":"2023-12-12T10:46:47","date_gmt":"2023-12-12T09:46:47","guid":{"rendered":"https:\/\/pet-shopping.de\/shop\/produkt\/karlie-rodeo-leine-genietet-22mm-100cm-schwarz-cognac\/"},"modified":"2023-12-12T10:46:53","modified_gmt":"2023-12-12T09:46:53","slug":"karlie-rodeo-leine-genietet-22mm-100cm-schwarz-cognac","status":"publish","type":"product","link":"https:\/\/all-pets.de\/shop\/produkt\/karlie-rodeo-leine-genietet-22mm-100cm-schwarz-cognac\/","title":{"rendered":"Karlie Rodeo Leine genietet, 22mm 100cm &#8211; schwarz\/cognac"},"content":{"rendered":"<h4 class=\"a-spacing-mini a-color-secondary a-text-italic\"><span style=\"font-size: 12px \">Rodeo Artikel sind genietete Halsb\u00e4nder, Leinen und F\u00fchrleinen.<\/span><\/h4>\n<p class=\"a-spacing-base\"> Schwarzes Vollrindleder ist mit cognacfarbigem, gebuggtem Softleder unterlegt. <\/p>\n<p class=\"a-spacing-base\"> Eine wundersch\u00f6ne Farbkombination, die zu jedem Hund passt! Diese solide genietete Leine aus weichem Vollrindleder, unterf\u00fcttert mit cognacfarbigem Softleder ist durch das verwendete hochwertige Leder und die stabilen verchromten Beschl\u00e4ge besonders robust und langlebig. <\/p>\n<p class=\"a-spacing-base\">L\u00e4nge\/Breite: 100 cm \/ 22 mm<\/p>\n<p class=\"a-spacing-base\"><\/p>\n<p class=\"a-spacing-base\">Bei dem Softleder handelt es sich um ein weiches Rindnappaleder. Es ist sehr strapazierf\u00e4hig und trotzdem angenehm weich. Dieses Leder ist besonders abweisend gegen Feuchtigkeit und Verschmutzung. <\/p>\n<p>Das verwendete Vollrindleder ist ein griffiges und geschmeidiges Glattleder, welches besonders belastbar und rei\u00dffest ist.<\/p>\n<p>Durch seinen hohen Fettanteil ist es au\u00dferdem einfach zu pflegen und unempfindlich gegen Feuchtigkeit.<\/p><\/p>\n","protected":false},"excerpt":{"rendered":"<p>Rodeo Artikel sind genietete Halsb\u00e4nder, Leinen und F\u00fchrleinen. Schwarzes Vollrindleder ist mit cognacfarbigem, gebuggtem Softleder unterlegt. Eine wundersch\u00f6ne Farbkombination, die zu jedem Hund passt! Diese solide genietete Leine aus weichem Vollrindleder, unterf\u00fcttert mit cognacfarbigem Softleder ist durch das verwendete hochwertige Leder und die stabilen verchromten Beschl\u00e4ge besonders robust und langlebig. L\u00e4nge\/Breite: 100 cm \/ 22 [&hellip;]<\/p>\n","protected":false},"featured_media":44924,"comment_status":"closed","ping_status":"open","template":"","meta":[],"product_cat":[13749],"product_tag":[],"class_list":{"0":"post-44923","1":"product","2":"type-product","3":"status-publish","4":"has-post-thumbnail","6":"product_cat-lederleinen","8":"first","9":"instock","10":"taxable","11":"shipping-taxable","12":"purchasable","13":"product-type-simple"},"_links":{"self":[{"href":"https:\/\/all-pets.de\/shop\/wp-json\/wp\/v2\/product\/44923","targetHints":{"allow":["GET"]}}],"collection":[{"href":"https:\/\/all-pets.de\/shop\/wp-json\/wp\/v2\/product"}],"about":[{"href":"https:\/\/all-pets.de\/shop\/wp-json\/wp\/v2\/types\/product"}],"replies":[{"embeddable":true,"href":"https:\/\/all-pets.de\/shop\/wp-json\/wp\/v2\/comments?post=44923"}],"wp:featuredmedia":[{"embeddable":true,"href":"https:\/\/all-pets.de\/shop\/wp-json\/wp\/v2\/media\/44924"}],"wp:attachment":[{"href":"https:\/\/all-pets.de\/shop\/wp-json\/wp\/v2\/media?parent=44923"}],"wp:term":[{"taxonomy":"product_cat","embeddable":true,"href":"https:\/\/all-pets.de\/shop\/wp-json\/wp\/v2\/product_cat?post=44923"},{"taxonomy":"product_tag","embeddable":true,"href":"https:\/\/all-pets.de\/shop\/wp-json\/wp\/v2\/product_tag?post=44923"}],"curies":[{"name":"wp","href":"https:\/\/api.w.org\/{rel}","templated":true}]}}