{"id":44942,"date":"2023-12-12T10:46:57","date_gmt":"2023-12-12T09:46:57","guid":{"rendered":"https:\/\/pet-shopping.de\/shop\/produkt\/trixie-kratzbaum-cesare\/"},"modified":"2023-12-12T10:46:58","modified_gmt":"2023-12-12T09:46:58","slug":"trixie-kratzbaum-cesare","status":"publish","type":"product","link":"https:\/\/all-pets.de\/shop\/produkt\/trixie-kratzbaum-cesare\/","title":{"rendered":"Trixie Kratzbaum Cesare"},"content":{"rendered":"<div class=\"mb-3 row\">\n<div class=\"col\">\n<ul>\n<li>\n<ul>\n<ul>\n<li>Sisal: \u00f8 6 mm\/Pl\u00fcsch (Polyester): 450 g\/m\u00b2<\/li>\n<li>H\u00f6hle mit Fleece (Polyester) und 2 Wendekissen (Handw\u00e4sche) ausgestattet<\/li>\n<li>Kuschelbett mit gepolstertem Rand und Wendekissen: Handw\u00e4sche<\/li>\n<li>abnehmbare H\u00e4ngematte, gepolstert: Handw\u00e4sche<\/li>\n<li>Samt-Optik\/Pl\u00fcsch<\/li>\n<li>dicke, schwere Bodenplatte<\/li>\n<li>Farbe: grau<\/li>\n<li>Grundfl\u00e4che: ca. 65 \u00d7 50 cm<\/li>\n<li>H\u00f6he: ca. 186 cm<\/li>\n<li>Stammdurchmesser: ca. 11 cm<\/li>\n<\/ul>\n<\/ul>\n<\/li>\n<\/ul>\n<\/div>\n<\/div>\n","protected":false},"excerpt":{"rendered":"<p>Sisal: \u00f8 6 mm\/Pl\u00fcsch (Polyester): 450 g\/m\u00b2 H\u00f6hle mit Fleece (Polyester) und 2 Wendekissen (Handw\u00e4sche) ausgestattet Kuschelbett mit gepolstertem Rand und Wendekissen: Handw\u00e4sche abnehmbare H\u00e4ngematte, gepolstert: Handw\u00e4sche Samt-Optik\/Pl\u00fcsch dicke, schwere Bodenplatte Farbe: grau Grundfl\u00e4che: ca. 65 \u00d7 50 cm H\u00f6he: ca. 186 cm Stammdurchmesser: ca. 11 cm<\/p>\n","protected":false},"featured_media":44943,"comment_status":"closed","ping_status":"open","template":"","meta":[],"product_cat":[13811],"product_tag":[],"class_list":{"0":"post-44942","1":"product","2":"type-product","3":"status-publish","4":"has-post-thumbnail","6":"product_cat-bis-225-cm","8":"first","9":"instock","10":"taxable","11":"shipping-taxable","12":"purchasable","13":"product-type-simple"},"_links":{"self":[{"href":"https:\/\/all-pets.de\/shop\/wp-json\/wp\/v2\/product\/44942","targetHints":{"allow":["GET"]}}],"collection":[{"href":"https:\/\/all-pets.de\/shop\/wp-json\/wp\/v2\/product"}],"about":[{"href":"https:\/\/all-pets.de\/shop\/wp-json\/wp\/v2\/types\/product"}],"replies":[{"embeddable":true,"href":"https:\/\/all-pets.de\/shop\/wp-json\/wp\/v2\/comments?post=44942"}],"wp:featuredmedia":[{"embeddable":true,"href":"https:\/\/all-pets.de\/shop\/wp-json\/wp\/v2\/media\/44943"}],"wp:attachment":[{"href":"https:\/\/all-pets.de\/shop\/wp-json\/wp\/v2\/media?parent=44942"}],"wp:term":[{"taxonomy":"product_cat","embeddable":true,"href":"https:\/\/all-pets.de\/shop\/wp-json\/wp\/v2\/product_cat?post=44942"},{"taxonomy":"product_tag","embeddable":true,"href":"https:\/\/all-pets.de\/shop\/wp-json\/wp\/v2\/product_tag?post=44942"}],"curies":[{"name":"wp","href":"https:\/\/api.w.org\/{rel}","templated":true}]}}