{"id":44946,"date":"2023-12-12T10:46:57","date_gmt":"2023-12-12T09:46:57","guid":{"rendered":"https:\/\/pet-shopping.de\/shop\/produkt\/karlie-buffalo-fuehrleine-zimt-200cm-14mm\/"},"modified":"2023-12-12T10:46:58","modified_gmt":"2023-12-12T09:46:58","slug":"karlie-buffalo-fuehrleine-zimt-200cm-14mm","status":"publish","type":"product","link":"https:\/\/all-pets.de\/shop\/produkt\/karlie-buffalo-fuehrleine-zimt-200cm-14mm\/","title":{"rendered":"Karlie Buffalo F\u00fchrleine Zimt &#8211; 200cm\/14mm"},"content":{"rendered":"<p>Das Ausgangsmaterial f\u00fcr die edlen Lederprodukte der Buffalo Reihe ist Kalbsleder, das qualitativ sehr hochwertig ist und w\u00e4hrend der Vorbereitung wasserabweisend impr\u00e4gniert wird. Das Leder zeichnet sich durch eine sehr weiche Oberfl\u00e4che aus, die oft auch als samtig beschrieben wird und nicht zuletzt dank der gerundeten Lederkanten angenehm in der Hand liegt. Die Buffalo Leinen sind sehr langlebig und verlieren ihre robuste Eigenschaft auch \u00fcber Jahre hinweg nicht.<\/p>\n<p>3-fach verstellbar<br \/>Farbe: Zimt (hellbraun)<br \/>L\u00e4nge: ca. 200 cm<br \/>Breite: ca. 14 mm<\/p>\n","protected":false},"excerpt":{"rendered":"<p>Das Ausgangsmaterial f\u00fcr die edlen Lederprodukte der Buffalo Reihe ist Kalbsleder, das qualitativ sehr hochwertig ist und w\u00e4hrend der Vorbereitung wasserabweisend impr\u00e4gniert wird. Das Leder zeichnet sich durch eine sehr weiche Oberfl\u00e4che aus, die oft auch als samtig beschrieben wird und nicht zuletzt dank der gerundeten Lederkanten angenehm in der Hand liegt. Die Buffalo Leinen [&hellip;]<\/p>\n","protected":false},"featured_media":44947,"comment_status":"closed","ping_status":"open","template":"","meta":[],"product_cat":[13749],"product_tag":[],"class_list":{"0":"post-44946","1":"product","2":"type-product","3":"status-publish","4":"has-post-thumbnail","6":"product_cat-lederleinen","8":"first","9":"instock","10":"taxable","11":"shipping-taxable","12":"purchasable","13":"product-type-simple"},"_links":{"self":[{"href":"https:\/\/all-pets.de\/shop\/wp-json\/wp\/v2\/product\/44946","targetHints":{"allow":["GET"]}}],"collection":[{"href":"https:\/\/all-pets.de\/shop\/wp-json\/wp\/v2\/product"}],"about":[{"href":"https:\/\/all-pets.de\/shop\/wp-json\/wp\/v2\/types\/product"}],"replies":[{"embeddable":true,"href":"https:\/\/all-pets.de\/shop\/wp-json\/wp\/v2\/comments?post=44946"}],"wp:featuredmedia":[{"embeddable":true,"href":"https:\/\/all-pets.de\/shop\/wp-json\/wp\/v2\/media\/44947"}],"wp:attachment":[{"href":"https:\/\/all-pets.de\/shop\/wp-json\/wp\/v2\/media?parent=44946"}],"wp:term":[{"taxonomy":"product_cat","embeddable":true,"href":"https:\/\/all-pets.de\/shop\/wp-json\/wp\/v2\/product_cat?post=44946"},{"taxonomy":"product_tag","embeddable":true,"href":"https:\/\/all-pets.de\/shop\/wp-json\/wp\/v2\/product_tag?post=44946"}],"curies":[{"name":"wp","href":"https:\/\/api.w.org\/{rel}","templated":true}]}}