{"id":44954,"date":"2023-12-12T10:46:57","date_gmt":"2023-12-12T09:46:57","guid":{"rendered":"https:\/\/pet-shopping.de\/shop\/produkt\/karlie-buffalo-geschirr-braun-20-27-cm\/"},"modified":"2023-12-12T10:47:00","modified_gmt":"2023-12-12T09:47:00","slug":"karlie-buffalo-geschirr-braun-20-27-cm","status":"publish","type":"product","link":"https:\/\/all-pets.de\/shop\/produkt\/karlie-buffalo-geschirr-braun-20-27-cm\/","title":{"rendered":"Karlie Buffalo Geschirr &#8211; Braun, 20-27 cm"},"content":{"rendered":"<p>Die solide handwerkliche Verarbeitung macht dieses Geschirr besonders langlebig. Das superweiche B\u00fcffelleder, welches doppelt gebuggt verarbeitet wird, bietet h\u00f6chsten Tragekomfort f\u00fcr Ihren Hund. Durch den optimalen Sitz wird ganz besonders das Fell geschont. Die Scotchgard-Ausr\u00fcstung macht das Leder wasserabweisend und pflegeleicht. Alle Beschl\u00e4ge sind verchromt. <\/p>\n<p>Farbe: braun<br \/>Breite: ca. 10 mm<br \/>Brustumfang: ca. 20 &#8211; 27 cm<\/p>\n","protected":false},"excerpt":{"rendered":"<p>Die solide handwerkliche Verarbeitung macht dieses Geschirr besonders langlebig. Das superweiche B\u00fcffelleder, welches doppelt gebuggt verarbeitet wird, bietet h\u00f6chsten Tragekomfort f\u00fcr Ihren Hund. Durch den optimalen Sitz wird ganz besonders das Fell geschont. Die Scotchgard-Ausr\u00fcstung macht das Leder wasserabweisend und pflegeleicht. Alle Beschl\u00e4ge sind verchromt. Farbe: braunBreite: ca. 10 mmBrustumfang: ca. 20 &#8211; 27 cm<\/p>\n","protected":false},"featured_media":44955,"comment_status":"closed","ping_status":"open","template":"","meta":[],"product_cat":[13812],"product_tag":[],"class_list":{"0":"post-44954","1":"product","2":"type-product","3":"status-publish","4":"has-post-thumbnail","6":"product_cat-hundegeschirre","8":"first","9":"instock","10":"taxable","11":"shipping-taxable","12":"purchasable","13":"product-type-simple"},"_links":{"self":[{"href":"https:\/\/all-pets.de\/shop\/wp-json\/wp\/v2\/product\/44954","targetHints":{"allow":["GET"]}}],"collection":[{"href":"https:\/\/all-pets.de\/shop\/wp-json\/wp\/v2\/product"}],"about":[{"href":"https:\/\/all-pets.de\/shop\/wp-json\/wp\/v2\/types\/product"}],"replies":[{"embeddable":true,"href":"https:\/\/all-pets.de\/shop\/wp-json\/wp\/v2\/comments?post=44954"}],"wp:featuredmedia":[{"embeddable":true,"href":"https:\/\/all-pets.de\/shop\/wp-json\/wp\/v2\/media\/44955"}],"wp:attachment":[{"href":"https:\/\/all-pets.de\/shop\/wp-json\/wp\/v2\/media?parent=44954"}],"wp:term":[{"taxonomy":"product_cat","embeddable":true,"href":"https:\/\/all-pets.de\/shop\/wp-json\/wp\/v2\/product_cat?post=44954"},{"taxonomy":"product_tag","embeddable":true,"href":"https:\/\/all-pets.de\/shop\/wp-json\/wp\/v2\/product_tag?post=44954"}],"curies":[{"name":"wp","href":"https:\/\/api.w.org\/{rel}","templated":true}]}}