{"id":44962,"date":"2023-12-12T10:46:57","date_gmt":"2023-12-12T09:46:57","guid":{"rendered":"https:\/\/pet-shopping.de\/shop\/produkt\/dokas-entenbrust-in-streifen-250g\/"},"modified":"2023-12-12T10:47:01","modified_gmt":"2023-12-12T09:47:01","slug":"dokas-entenbrust-in-streifen-250g","status":"publish","type":"product","link":"https:\/\/all-pets.de\/shop\/produkt\/dokas-entenbrust-in-streifen-250g\/","title":{"rendered":"Dokas Entenbrust in Streifen 250g"},"content":{"rendered":"<p>Wild-Fleisch-Variation in der Sorte Ente in typischer Dokas-Streifenform.<\/p>\n<p><strong>Inhaltsstoffe:<\/strong><br \/> Inhalt: Entenbrustfilet 93%, pflanzliche Nebenerzeugnisse, MineralstoffeAnalysedaten: Rohprotein 49,9% Rohfett 3,7% Rohasche 5,0% Rohfaser 0,5% Feuchtigkeit 17,6%<\/p>\n<p><strong>F\u00fctterungsempfehlung:<\/strong><br \/> Als Belohnung zwischen den Mahlzeiten f\u00fcttern. Reduzierung der Futtermenge nach Bedarf. Stets gen\u00fcgend Trinkwasser bereitstellen.<\/p>\n","protected":false},"excerpt":{"rendered":"<p>Wild-Fleisch-Variation in der Sorte Ente in typischer Dokas-Streifenform. Inhaltsstoffe: Inhalt: Entenbrustfilet 93%, pflanzliche Nebenerzeugnisse, MineralstoffeAnalysedaten: Rohprotein 49,9% Rohfett 3,7% Rohasche 5,0% Rohfaser 0,5% Feuchtigkeit 17,6% F\u00fctterungsempfehlung: Als Belohnung zwischen den Mahlzeiten f\u00fcttern. Reduzierung der Futtermenge nach Bedarf. Stets gen\u00fcgend Trinkwasser bereitstellen.<\/p>\n","protected":false},"featured_media":32057,"comment_status":"closed","ping_status":"open","template":"","meta":[],"product_cat":[13814],"product_tag":[],"class_list":{"0":"post-44962","1":"product","2":"type-product","3":"status-publish","4":"has-post-thumbnail","6":"product_cat-dokas","8":"first","9":"instock","10":"taxable","11":"shipping-taxable","12":"purchasable","13":"product-type-simple"},"_links":{"self":[{"href":"https:\/\/all-pets.de\/shop\/wp-json\/wp\/v2\/product\/44962","targetHints":{"allow":["GET"]}}],"collection":[{"href":"https:\/\/all-pets.de\/shop\/wp-json\/wp\/v2\/product"}],"about":[{"href":"https:\/\/all-pets.de\/shop\/wp-json\/wp\/v2\/types\/product"}],"replies":[{"embeddable":true,"href":"https:\/\/all-pets.de\/shop\/wp-json\/wp\/v2\/comments?post=44962"}],"wp:featuredmedia":[{"embeddable":true,"href":"https:\/\/all-pets.de\/shop\/wp-json\/wp\/v2\/media\/32057"}],"wp:attachment":[{"href":"https:\/\/all-pets.de\/shop\/wp-json\/wp\/v2\/media?parent=44962"}],"wp:term":[{"taxonomy":"product_cat","embeddable":true,"href":"https:\/\/all-pets.de\/shop\/wp-json\/wp\/v2\/product_cat?post=44962"},{"taxonomy":"product_tag","embeddable":true,"href":"https:\/\/all-pets.de\/shop\/wp-json\/wp\/v2\/product_tag?post=44962"}],"curies":[{"name":"wp","href":"https:\/\/api.w.org\/{rel}","templated":true}]}}