{"id":44963,"date":"2023-12-12T10:46:57","date_gmt":"2023-12-12T09:46:57","guid":{"rendered":"https:\/\/pet-shopping.de\/shop\/produkt\/mascota-vital-pferde-rippen-200g\/"},"modified":"2023-12-12T10:47:01","modified_gmt":"2023-12-12T09:47:01","slug":"mascota-vital-pferde-rippen-200g","status":"publish","type":"product","link":"https:\/\/all-pets.de\/shop\/produkt\/mascota-vital-pferde-rippen-200g\/","title":{"rendered":"Mascota Vital Pferde-Rippen 200g"},"content":{"rendered":"<ul>\n<li>extra langes Kauvergn\u00fcgen <\/li>\n<li>keine k\u00fcnstlichen Zusatzstoffe<\/li>\n<li>bestens geeignet f\u00fcr ern\u00e4hrungssensible Hunde<\/li>\n<\/ul>\n<div class=\"col medium-1\/3 large-4\">\n<div class=\"col-inner\">Zusammensetzung:<br \/> 100% Pferde-Rippe<\/div>\n<div class=\"col-inner\">\u00a0<\/div>\n<div class=\"col-inner\"><\/div>\n<\/div>\n<div class=\"col medium-2\/3 large-8\">\n<div class=\"col-inner\">Analytische Bestandteile:<br \/> Rohprotein: 12.1%, Roh\u00f6le und -fette: 1.7%, Rohfaser: 6.2%, Rohasche: 2.3%<\/div>\n<\/div>\n","protected":false},"excerpt":{"rendered":"<p>extra langes Kauvergn\u00fcgen keine k\u00fcnstlichen Zusatzstoffe bestens geeignet f\u00fcr ern\u00e4hrungssensible Hunde Zusammensetzung: 100% Pferde-Rippe \u00a0 Analytische Bestandteile: Rohprotein: 12.1%, Roh\u00f6le und -fette: 1.7%, Rohfaser: 6.2%, Rohasche: 2.3%<\/p>\n","protected":false},"featured_media":215,"comment_status":"closed","ping_status":"open","template":"","meta":[],"product_cat":[13815],"product_tag":[],"class_list":{"0":"post-44963","1":"product","2":"type-product","3":"status-publish","4":"has-post-thumbnail","6":"product_cat-mascota-vital","8":"first","9":"instock","10":"taxable","11":"shipping-taxable","12":"purchasable","13":"product-type-simple"},"_links":{"self":[{"href":"https:\/\/all-pets.de\/shop\/wp-json\/wp\/v2\/product\/44963","targetHints":{"allow":["GET"]}}],"collection":[{"href":"https:\/\/all-pets.de\/shop\/wp-json\/wp\/v2\/product"}],"about":[{"href":"https:\/\/all-pets.de\/shop\/wp-json\/wp\/v2\/types\/product"}],"replies":[{"embeddable":true,"href":"https:\/\/all-pets.de\/shop\/wp-json\/wp\/v2\/comments?post=44963"}],"wp:featuredmedia":[{"embeddable":true,"href":"https:\/\/all-pets.de\/shop\/wp-json\/wp\/v2\/media\/215"}],"wp:attachment":[{"href":"https:\/\/all-pets.de\/shop\/wp-json\/wp\/v2\/media?parent=44963"}],"wp:term":[{"taxonomy":"product_cat","embeddable":true,"href":"https:\/\/all-pets.de\/shop\/wp-json\/wp\/v2\/product_cat?post=44963"},{"taxonomy":"product_tag","embeddable":true,"href":"https:\/\/all-pets.de\/shop\/wp-json\/wp\/v2\/product_tag?post=44963"}],"curies":[{"name":"wp","href":"https:\/\/api.w.org\/{rel}","templated":true}]}}