{"id":44966,"date":"2023-12-12T10:46:57","date_gmt":"2023-12-12T09:46:57","guid":{"rendered":"https:\/\/pet-shopping.de\/shop\/produkt\/trixie-meisenknoedelhalter-gruen-8-x-29-cm\/"},"modified":"2023-12-12T10:47:01","modified_gmt":"2023-12-12T09:47:01","slug":"trixie-meisenknoedelhalter-gruen-8-x-29-cm","status":"publish","type":"product","link":"https:\/\/all-pets.de\/shop\/produkt\/trixie-meisenknoedelhalter-gruen-8-x-29-cm\/","title":{"rendered":"Trixie Meisenkn\u00f6delhalter gr\u00fcn &#8211; 8 x 29 cm"},"content":{"rendered":"<ul>\n<li>Kunststoff\/Metall<\/li>\n<li>einfach zu bef\u00fcllen durch aufklappbaren Deckel und abnehmbareren Boden<\/li>\n<li>zum Aufh\u00e4ngen<\/li>\n<li>Farbe: gr\u00fcn<\/li>\n<li>Ma\u00dfe: ca. 8 \u00d7 29 cm (Durchmesser x H\u00f6he)<\/li>\n<\/ul>\n","protected":false},"excerpt":{"rendered":"<p>Kunststoff\/Metall einfach zu bef\u00fcllen durch aufklappbaren Deckel und abnehmbareren Boden zum Aufh\u00e4ngen Farbe: gr\u00fcn Ma\u00dfe: ca. 8 \u00d7 29 cm (Durchmesser x H\u00f6he)<\/p>\n","protected":false},"featured_media":20699,"comment_status":"closed","ping_status":"open","template":"","meta":[],"product_cat":[13813],"product_tag":[],"class_list":{"0":"post-44966","1":"product","2":"type-product","3":"status-publish","4":"has-post-thumbnail","6":"product_cat-futterhaeuser-nistkaesten","8":"first","9":"instock","10":"taxable","11":"shipping-taxable","12":"purchasable","13":"product-type-simple"},"_links":{"self":[{"href":"https:\/\/all-pets.de\/shop\/wp-json\/wp\/v2\/product\/44966","targetHints":{"allow":["GET"]}}],"collection":[{"href":"https:\/\/all-pets.de\/shop\/wp-json\/wp\/v2\/product"}],"about":[{"href":"https:\/\/all-pets.de\/shop\/wp-json\/wp\/v2\/types\/product"}],"replies":[{"embeddable":true,"href":"https:\/\/all-pets.de\/shop\/wp-json\/wp\/v2\/comments?post=44966"}],"wp:featuredmedia":[{"embeddable":true,"href":"https:\/\/all-pets.de\/shop\/wp-json\/wp\/v2\/media\/20699"}],"wp:attachment":[{"href":"https:\/\/all-pets.de\/shop\/wp-json\/wp\/v2\/media?parent=44966"}],"wp:term":[{"taxonomy":"product_cat","embeddable":true,"href":"https:\/\/all-pets.de\/shop\/wp-json\/wp\/v2\/product_cat?post=44966"},{"taxonomy":"product_tag","embeddable":true,"href":"https:\/\/all-pets.de\/shop\/wp-json\/wp\/v2\/product_tag?post=44966"}],"curies":[{"name":"wp","href":"https:\/\/api.w.org\/{rel}","templated":true}]}}