{"id":44977,"date":"2023-12-12T10:47:02","date_gmt":"2023-12-12T09:47:02","guid":{"rendered":"https:\/\/pet-shopping.de\/shop\/produkt\/trixie-futterhaus-fuer-fensterscheibe\/"},"modified":"2023-12-12T10:47:03","modified_gmt":"2023-12-12T09:47:03","slug":"trixie-futterhaus-fuer-fensterscheibe","status":"publish","type":"product","link":"https:\/\/all-pets.de\/shop\/produkt\/trixie-futterhaus-fuer-fensterscheibe\/","title":{"rendered":"Trixie Futterhaus f\u00fcr Fensterscheibe"},"content":{"rendered":"<ul>\n<li>erm\u00f6glicht das Beobachten der Wildv\u00f6gel aus der Wohnung<\/li>\n<li>einfache Anbringung durch Saugn\u00e4pfe<\/li>\n<li>Anbringung von au\u00dfen, platzsparend und einfach zu bef\u00fcllen<\/li>\n<li>Kunststoff<\/li>\n<li>wetterfest<\/li>\n<li>Ma\u00dfe: ca. 225 ml \/ ca. 15 x 15 x 6 cm<\/li>\n<\/ul>\n","protected":false},"excerpt":{"rendered":"<p>erm\u00f6glicht das Beobachten der Wildv\u00f6gel aus der Wohnung einfache Anbringung durch Saugn\u00e4pfe Anbringung von au\u00dfen, platzsparend und einfach zu bef\u00fcllen Kunststoff wetterfest Ma\u00dfe: ca. 225 ml \/ ca. 15 x 15 x 6 cm<\/p>\n","protected":false},"featured_media":24485,"comment_status":"closed","ping_status":"open","template":"","meta":[],"product_cat":[13813],"product_tag":[],"class_list":{"0":"post-44977","1":"product","2":"type-product","3":"status-publish","4":"has-post-thumbnail","6":"product_cat-futterhaeuser-nistkaesten","8":"first","9":"instock","10":"taxable","11":"shipping-taxable","12":"purchasable","13":"product-type-simple"},"_links":{"self":[{"href":"https:\/\/all-pets.de\/shop\/wp-json\/wp\/v2\/product\/44977","targetHints":{"allow":["GET"]}}],"collection":[{"href":"https:\/\/all-pets.de\/shop\/wp-json\/wp\/v2\/product"}],"about":[{"href":"https:\/\/all-pets.de\/shop\/wp-json\/wp\/v2\/types\/product"}],"replies":[{"embeddable":true,"href":"https:\/\/all-pets.de\/shop\/wp-json\/wp\/v2\/comments?post=44977"}],"wp:featuredmedia":[{"embeddable":true,"href":"https:\/\/all-pets.de\/shop\/wp-json\/wp\/v2\/media\/24485"}],"wp:attachment":[{"href":"https:\/\/all-pets.de\/shop\/wp-json\/wp\/v2\/media?parent=44977"}],"wp:term":[{"taxonomy":"product_cat","embeddable":true,"href":"https:\/\/all-pets.de\/shop\/wp-json\/wp\/v2\/product_cat?post=44977"},{"taxonomy":"product_tag","embeddable":true,"href":"https:\/\/all-pets.de\/shop\/wp-json\/wp\/v2\/product_tag?post=44977"}],"curies":[{"name":"wp","href":"https:\/\/api.w.org\/{rel}","templated":true}]}}