{"id":44986,"date":"2023-12-12T10:47:02","date_gmt":"2023-12-12T09:47:02","guid":{"rendered":"https:\/\/pet-shopping.de\/shop\/produkt\/dokas-cat-snack-huehnchen-smoothie-4x30ml\/"},"modified":"2023-12-12T10:47:04","modified_gmt":"2023-12-12T09:47:04","slug":"dokas-cat-snack-huehnchen-smoothie-4x30ml","status":"publish","type":"product","link":"https:\/\/all-pets.de\/shop\/produkt\/dokas-cat-snack-huehnchen-smoothie-4x30ml\/","title":{"rendered":"Dokas Cat Snack H\u00fchnchen-Smoothie 4x30ml"},"content":{"rendered":"<p>Die smooth\u2018e Freude f\u00fcr jede Katze! Der cremig vitale Snack mit H\u00fchnerbrustfilet, abgerundet mit Blaubeere, Sellerie und Meeresalgen. Als kalorienarme Belohnung oder als Topping f\u00fcr das Hauptfutter. Verpackt in einzelnen Sachets f\u00fcr stets frischen Genuss.<\/p>\n<p><strong>Inhaltsstoffe:<\/strong> <\/p>\n<p>60 % H\u00fchnerbrustfilet, pflanzliche Nebenerzeugnisse, Kombu-Algen, Sellerie, Heidelbeere<\/p>\n<p>Analysedaten: Rohprotein: 8,5%  Rohfett: 2,4%  Rohasche: 0,5%  Rohfaser: 05%  Feuchtigkeit: 87,3%<\/p>\n<p><strong>F\u00fctterungsempfehlung:<\/strong> <\/p>\n<p>Als Belohnung zwischen den \u00fcblichen Mahlzeiten. Reduzierung der t\u00e4glichen Futtermenge nach Bedarf<br \/> (Siehe Energieangabe). Stets ausreichend Trinkwasser bereitstellen. Bitte k\u00fchl und trocken lagern. Nach Anbruch im K\u00fchlschrank aufbewahren und z\u00fcgig verf\u00fcttern. Den Snack unter Aufsicht f\u00fcttern.<\/p>\n","protected":false},"excerpt":{"rendered":"<p>Die smooth\u2018e Freude f\u00fcr jede Katze! Der cremig vitale Snack mit H\u00fchnerbrustfilet, abgerundet mit Blaubeere, Sellerie und Meeresalgen. Als kalorienarme Belohnung oder als Topping f\u00fcr das Hauptfutter. Verpackt in einzelnen Sachets f\u00fcr stets frischen Genuss. Inhaltsstoffe: 60 % H\u00fchnerbrustfilet, pflanzliche Nebenerzeugnisse, Kombu-Algen, Sellerie, Heidelbeere Analysedaten: Rohprotein: 8,5% Rohfett: 2,4% Rohasche: 0,5% Rohfaser: 05% Feuchtigkeit: 87,3% [&hellip;]<\/p>\n","protected":false},"featured_media":18364,"comment_status":"closed","ping_status":"open","template":"","meta":[],"product_cat":[13781],"product_tag":[],"class_list":{"0":"post-44986","1":"product","2":"type-product","3":"status-publish","4":"has-post-thumbnail","6":"product_cat-dokas-cat","8":"first","9":"instock","10":"taxable","11":"shipping-taxable","12":"purchasable","13":"product-type-simple"},"_links":{"self":[{"href":"https:\/\/all-pets.de\/shop\/wp-json\/wp\/v2\/product\/44986","targetHints":{"allow":["GET"]}}],"collection":[{"href":"https:\/\/all-pets.de\/shop\/wp-json\/wp\/v2\/product"}],"about":[{"href":"https:\/\/all-pets.de\/shop\/wp-json\/wp\/v2\/types\/product"}],"replies":[{"embeddable":true,"href":"https:\/\/all-pets.de\/shop\/wp-json\/wp\/v2\/comments?post=44986"}],"wp:featuredmedia":[{"embeddable":true,"href":"https:\/\/all-pets.de\/shop\/wp-json\/wp\/v2\/media\/18364"}],"wp:attachment":[{"href":"https:\/\/all-pets.de\/shop\/wp-json\/wp\/v2\/media?parent=44986"}],"wp:term":[{"taxonomy":"product_cat","embeddable":true,"href":"https:\/\/all-pets.de\/shop\/wp-json\/wp\/v2\/product_cat?post=44986"},{"taxonomy":"product_tag","embeddable":true,"href":"https:\/\/all-pets.de\/shop\/wp-json\/wp\/v2\/product_tag?post=44986"}],"curies":[{"name":"wp","href":"https:\/\/api.w.org\/{rel}","templated":true}]}}