{"id":44993,"date":"2023-12-12T10:47:06","date_gmt":"2023-12-12T09:47:06","guid":{"rendered":"https:\/\/pet-shopping.de\/shop\/produkt\/catit-senses-2-0-spielschiene-wave\/"},"modified":"2023-12-12T10:47:06","modified_gmt":"2023-12-12T09:47:06","slug":"catit-senses-2-0-spielschiene-wave","status":"publish","type":"product","link":"https:\/\/all-pets.de\/shop\/produkt\/catit-senses-2-0-spielschiene-wave\/","title":{"rendered":"CATIT Senses 2.0 Spielschiene Wave"},"content":{"rendered":"<p>Die neuen Spielschienen verf\u00fcgen \u00fcber ein gerades Schienenelement, das sie mit den breiteren und stabileren Sockeln der Senses 2.0 Produkte kombinierbar macht. Das neue Element erlaubt eine noch vielseitigere Gestaltung und kann sogar zusammen mit den alten blauen Spielschienen verwendet werden!<\/p>\n<p>Die Spielschiene \u201eWave\u201c enth\u00e4lt erh\u00f6hte Elemente \u2013 f\u00fcr abwechslungsreichere Bewegungen. Sie besteht aus 7 Elementen (2 Endst\u00fccke, 4 Kurvenelemente, ein gerades Element) und einem Ball. Die Spielschiene ist kompatibel mit den neuen Senses 2.0 Produkten und 25 cm l\u00e4nger, als das vorherige Modell.<\/p>\n<p>Die Senses 2.0 Spielschienen lassen sich m\u00fchelos in mehr als 100 verschiedenen Formen zusammenstecken. \u00dcberraschen Sie Ihre Katze regelm\u00e4\u00dfig mit neuen Designs, um sie im wahrsten Sinne des Wortes am Ball zu halten!<\/p>\n","protected":false},"excerpt":{"rendered":"<p>Die neuen Spielschienen verf\u00fcgen \u00fcber ein gerades Schienenelement, das sie mit den breiteren und stabileren Sockeln der Senses 2.0 Produkte kombinierbar macht. Das neue Element erlaubt eine noch vielseitigere Gestaltung und kann sogar zusammen mit den alten blauen Spielschienen verwendet werden! Die Spielschiene \u201eWave\u201c enth\u00e4lt erh\u00f6hte Elemente \u2013 f\u00fcr abwechslungsreichere Bewegungen. Sie besteht aus 7 [&hellip;]<\/p>\n","protected":false},"featured_media":18968,"comment_status":"closed","ping_status":"open","template":"","meta":[],"product_cat":[13825],"product_tag":[],"class_list":{"0":"post-44993","1":"product","2":"type-product","3":"status-publish","4":"has-post-thumbnail","6":"product_cat-weitere-spielzeuge-katzenspielzeug-katzenbaellekatzenwelt","8":"first","9":"instock","10":"taxable","11":"shipping-taxable","12":"purchasable","13":"product-type-simple"},"_links":{"self":[{"href":"https:\/\/all-pets.de\/shop\/wp-json\/wp\/v2\/product\/44993","targetHints":{"allow":["GET"]}}],"collection":[{"href":"https:\/\/all-pets.de\/shop\/wp-json\/wp\/v2\/product"}],"about":[{"href":"https:\/\/all-pets.de\/shop\/wp-json\/wp\/v2\/types\/product"}],"replies":[{"embeddable":true,"href":"https:\/\/all-pets.de\/shop\/wp-json\/wp\/v2\/comments?post=44993"}],"wp:featuredmedia":[{"embeddable":true,"href":"https:\/\/all-pets.de\/shop\/wp-json\/wp\/v2\/media\/18968"}],"wp:attachment":[{"href":"https:\/\/all-pets.de\/shop\/wp-json\/wp\/v2\/media?parent=44993"}],"wp:term":[{"taxonomy":"product_cat","embeddable":true,"href":"https:\/\/all-pets.de\/shop\/wp-json\/wp\/v2\/product_cat?post=44993"},{"taxonomy":"product_tag","embeddable":true,"href":"https:\/\/all-pets.de\/shop\/wp-json\/wp\/v2\/product_tag?post=44993"}],"curies":[{"name":"wp","href":"https:\/\/api.w.org\/{rel}","templated":true}]}}