{"id":44994,"date":"2023-12-12T10:47:06","date_gmt":"2023-12-12T09:47:06","guid":{"rendered":"https:\/\/pet-shopping.de\/shop\/produkt\/karlie-buffalo-strass-halsband-schwarz-1-reihig-24cm-10mm\/"},"modified":"2023-12-12T10:47:06","modified_gmt":"2023-12-12T09:47:06","slug":"karlie-buffalo-strass-halsband-schwarz-1-reihig-24cm-10mm","status":"publish","type":"product","link":"https:\/\/all-pets.de\/shop\/produkt\/karlie-buffalo-strass-halsband-schwarz-1-reihig-24cm-10mm\/","title":{"rendered":"Karlie Buffalo Strass-Halsband &#8211; Schwarz 1-reihig, 24cm\/10mm"},"content":{"rendered":"<p>Auffallend sch\u00f6n! Dieses edel funkelnde Halsband aus B\u00fcffelleder ist superweich und bietet Ihrem Hund einen hohen Tragekomfort. Es wird in Handarbeit hergestellt und ist durch die Verwendung hochwertiger Materialien strapazierf\u00e4hig, rei\u00dffest und langlebig.<\/p>\n<p>Farbe: schwarz<\/p>\n<p>Gesamtl\u00e4nge\/Breite: ca. 24 cm\/10 mm<\/p>\n<p>Strassbesatz: 1-reihig<\/p>\n<p>Je nach Breite sind Strasssteine einreihig, zwei- oder dreireihig verarbeitet. Das Halsband ist doppelt gebuggt. Dadurch entsteht eine sehr weiche Kante, die besonders fellschonend ist. Au\u00dferdem ist es durch die Scotchgard-Ausr\u00fcstung leicht zu pflegen. Alle Metallteile sind verchromt.<\/p>\n<p>Das Programm Buffalo zeichnet sich durch seine Vielfalt aus. F\u00fcr jede Hunderasse und -gr\u00f6\u00dfe gibt es das passende Produkt. F\u00fcr jeden Geschmack ist etwas dabei, ob klassisch in schwarz, braun oder in modischen Farben, schlicht verarbeitet oder mit funkelndem Strass, &#8230;. Von XS bis XL ist jede Gr\u00f6\u00dfe vertreten, viele Kombinationen sind m\u00f6glich. Buffalo-Leder ist ein wasserabweisend impr\u00e4gniertes Leder mit einer samtartigen Oberfl\u00e4che. Dieses Leder wird als besonders weich und warm empfunden. Durch die Scotch-Gard Ausr\u00fcstung sind die Produkte unempfindlich gegen Schmutz und Feuchtigkeit. Dank seiner Strapazierf\u00e4higkeit haben Produkte aus dieser Serie eine lange Lebensdauer.<\/p><\/p>\n","protected":false},"excerpt":{"rendered":"<p>Auffallend sch\u00f6n! Dieses edel funkelnde Halsband aus B\u00fcffelleder ist superweich und bietet Ihrem Hund einen hohen Tragekomfort. Es wird in Handarbeit hergestellt und ist durch die Verwendung hochwertiger Materialien strapazierf\u00e4hig, rei\u00dffest und langlebig. Farbe: schwarz Gesamtl\u00e4nge\/Breite: ca. 24 cm\/10 mm Strassbesatz: 1-reihig Je nach Breite sind Strasssteine einreihig, zwei- oder dreireihig verarbeitet. Das Halsband ist [&hellip;]<\/p>\n","protected":false},"featured_media":44995,"comment_status":"closed","ping_status":"open","template":"","meta":[],"product_cat":[13790],"product_tag":[],"class_list":{"0":"post-44994","1":"product","2":"type-product","3":"status-publish","4":"has-post-thumbnail","6":"product_cat-lederhalsbaender","8":"first","9":"instock","10":"taxable","11":"shipping-taxable","12":"purchasable","13":"product-type-simple"},"_links":{"self":[{"href":"https:\/\/all-pets.de\/shop\/wp-json\/wp\/v2\/product\/44994","targetHints":{"allow":["GET"]}}],"collection":[{"href":"https:\/\/all-pets.de\/shop\/wp-json\/wp\/v2\/product"}],"about":[{"href":"https:\/\/all-pets.de\/shop\/wp-json\/wp\/v2\/types\/product"}],"replies":[{"embeddable":true,"href":"https:\/\/all-pets.de\/shop\/wp-json\/wp\/v2\/comments?post=44994"}],"wp:featuredmedia":[{"embeddable":true,"href":"https:\/\/all-pets.de\/shop\/wp-json\/wp\/v2\/media\/44995"}],"wp:attachment":[{"href":"https:\/\/all-pets.de\/shop\/wp-json\/wp\/v2\/media?parent=44994"}],"wp:term":[{"taxonomy":"product_cat","embeddable":true,"href":"https:\/\/all-pets.de\/shop\/wp-json\/wp\/v2\/product_cat?post=44994"},{"taxonomy":"product_tag","embeddable":true,"href":"https:\/\/all-pets.de\/shop\/wp-json\/wp\/v2\/product_tag?post=44994"}],"curies":[{"name":"wp","href":"https:\/\/api.w.org\/{rel}","templated":true}]}}