{"id":45000,"date":"2023-12-12T10:47:06","date_gmt":"2023-12-12T09:47:06","guid":{"rendered":"https:\/\/pet-shopping.de\/shop\/produkt\/trixie-xmas-schneeball-plueschspielzeug\/"},"modified":"2023-12-12T10:47:07","modified_gmt":"2023-12-12T09:47:07","slug":"trixie-xmas-schneeball-plueschspielzeug","status":"publish","type":"product","link":"https:\/\/all-pets.de\/shop\/produkt\/trixie-xmas-schneeball-plueschspielzeug\/","title":{"rendered":"Trixie Xmas Schneeball Pl\u00fcschspielzeug"},"content":{"rendered":"<div class=\"mb-3 row\">\n<ul>\n<li>\n<ul>\n<ul><\/ul>\n<\/ul>\n<ul>\n<li>Pl\u00fcsch (Polyester)<\/li>\n<li>mit Stimme<\/li>\n<li>diverse Motive (Eine Motivwahl ist leider nicht m\u00f6glich, da die Variante je nach Lagerbestand gew\u00e4hlt wird.)<\/li>\n<li>Gr\u00f6\u00dfe: ca. 10 cm<\/li>\n<\/ul>\n<\/li>\n<\/ul>\n<\/div>\n","protected":false},"excerpt":{"rendered":"<p>Pl\u00fcsch (Polyester) mit Stimme diverse Motive (Eine Motivwahl ist leider nicht m\u00f6glich, da die Variante je nach Lagerbestand gew\u00e4hlt wird.) Gr\u00f6\u00dfe: ca. 10 cm<\/p>\n","protected":false},"featured_media":45001,"comment_status":"closed","ping_status":"open","template":"","meta":[],"product_cat":[13747],"product_tag":[],"class_list":{"0":"post-45000","1":"product","2":"type-product","3":"status-publish","4":"has-post-thumbnail","6":"product_cat-plueschspielzeug","8":"first","9":"instock","10":"taxable","11":"shipping-taxable","12":"purchasable","13":"product-type-simple"},"_links":{"self":[{"href":"https:\/\/all-pets.de\/shop\/wp-json\/wp\/v2\/product\/45000","targetHints":{"allow":["GET"]}}],"collection":[{"href":"https:\/\/all-pets.de\/shop\/wp-json\/wp\/v2\/product"}],"about":[{"href":"https:\/\/all-pets.de\/shop\/wp-json\/wp\/v2\/types\/product"}],"replies":[{"embeddable":true,"href":"https:\/\/all-pets.de\/shop\/wp-json\/wp\/v2\/comments?post=45000"}],"wp:featuredmedia":[{"embeddable":true,"href":"https:\/\/all-pets.de\/shop\/wp-json\/wp\/v2\/media\/45001"}],"wp:attachment":[{"href":"https:\/\/all-pets.de\/shop\/wp-json\/wp\/v2\/media?parent=45000"}],"wp:term":[{"taxonomy":"product_cat","embeddable":true,"href":"https:\/\/all-pets.de\/shop\/wp-json\/wp\/v2\/product_cat?post=45000"},{"taxonomy":"product_tag","embeddable":true,"href":"https:\/\/all-pets.de\/shop\/wp-json\/wp\/v2\/product_tag?post=45000"}],"curies":[{"name":"wp","href":"https:\/\/api.w.org\/{rel}","templated":true}]}}